{"id":9720,"date":"2022-07-11T08:44:22","date_gmt":"2022-07-11T13:44:22","guid":{"rendered":"https:\/\/www.unicatolicadelsur.edu.co\/catsur\/?page_id=9720"},"modified":"2026-01-27T17:47:18","modified_gmt":"2026-01-27T22:47:18","slug":"pre-universitario","status":"publish","type":"page","link":"https:\/\/www.unicatolicadelsur.edu.co\/catsur\/pre-universitario\/","title":{"rendered":"Pre-Universitario"},"content":{"rendered":"\n<div class=\"wp-block-qubely-row qubely-section qubely-block-38fa5e\"><div class=\"qubely-row-overlay\"><\/div><div class=\"qubely-container\"><div class=\"qubely-row \">\n<div class=\"wp-block-qubely-column qubely-column qubely-column-front qubely-block-09f618\"><div class=\"qubely-column-inner\">\n<div class=\"wp-block-qubely-image qubely-block-9b872e\"><div class=\"qubely-block-image  qubely-image-layout-simple\"><div class=\"qubely-image-media qubely-vertical-alignment-center qubely-horizontal-alignment-center\"><figure><div class=\"qubely-image-container\"><img decoding=\"async\" class=\"qubely-image-image\" src=\"https:\/\/www.unicatolicadelsur.edu.co\/catsur\/wp-content\/uploads\/2022\/07\/preuniversitario_Mesa-de-trabajo-1-copia.png\" alt=\"\"\/><\/div><\/figure><\/div><\/div><\/div>\n<\/div><\/div>\n<\/div><\/div><\/div>\n\n\n\n<div class=\"wp-block-qubely-row alignfull qubely-section qubely-block-51b226\"><div class=\"qubely-row-overlay\"><\/div><div class=\"qubely-container\"><div class=\"qubely-row \">\n<div class=\"wp-block-qubely-column qubely-column qubely-column-front qubely-block-12e861\"><div class=\"qubely-column-inner\">\n<div class=\"wp-block-qubely-infobox qubely-block-257c16\"><div class=\"qubely-block-info-box  qubely-info-box-layout-2\"><div class=\"qubely-info-box-media\"><i class=\"qubely-info-box-icon fas fa-chevron-circle-right\"><\/i><\/div><div class=\"qubely-info-box-body\"><div class=\"qubely-info-box-title-container  qubely-separator-position-top\"><div class=\"qubely-info-box-title-inner\"><h2 class=\"qubely-info-box-title\">Presentaci\u00f3n:<\/h2><\/div><\/div><div class=\"qubely-info-box-content\"><div class=\"qubely-info-box-text\"><span style=\"color: #000000;\" data=\"#000000\" class=\"qubely-text-has-color\">El Preuniversitario en gesti\u00f3n integral de la salud, hace parte de la oferta de cursos de formaci\u00f3n continua y de extensi\u00f3n, a trav\u00e9s del cual se brinda formaci\u00f3n que permita fortalecer y nivelar los<br>conocimientos b\u00e1sicos requeridos para los programas acad\u00e9micos con enfoque en salud.<\/span><br><strong><span style=\"color: #000000;\" data=\"#000000\" class=\"qubely-text-has-color\"><br><\/span><\/strong><span style=\"color: #000000;\" data=\"#000000\" class=\"qubely-text-has-color\">Este curso es una herramienta que les permitir\u00e1 a los estudiantes adquirir fundamentos cient\u00edficos para abordar con mayor comprensi\u00f3n las disciplinas en la gesti\u00f3n integral de la salud, logrando mejorar las competencias b\u00e1sicas para un desempe\u00f1o acad\u00e9mico \u00f3ptimo en los programas afines, una vez cumpla con los requisitos de ingreso a los mismos y siendo la oportunidad para facilitar la orientaci\u00f3n de la elecci\u00f3n profesional.<\/span><\/div><\/div><\/div><\/div><\/div>\n\n\n\n<div class=\"wp-block-qubely-infobox qubely-block-a069ef\"><div class=\"qubely-block-info-box  qubely-info-box-layout-2\"><div class=\"qubely-info-box-media\"><i class=\"qubely-info-box-icon fas fa-chevron-circle-right\"><\/i><\/div><div class=\"qubely-info-box-body\"><div class=\"qubely-info-box-title-container  qubely-separator-position-top\"><div class=\"qubely-info-box-title-inner\"><h2 class=\"qubely-info-box-title\">Objetivo:<\/h2><\/div><\/div><div class=\"qubely-info-box-content\"><div class=\"qubely-info-box-text\"><span style=\"color: #000000;\" data=\"#000000\" class=\"qubely-text-has-color\">Fortalecer las competencias y conocimientos para un ingreso efectivo del aspirante a los programas acad\u00e9micos con enfoque en salud de La Unicat\u00f3lica del Sur. <\/span><\/div><\/div><\/div><\/div><\/div>\n\n\n\n<div class=\"wp-block-qubely-infobox qubely-block-8442cf\"><div class=\"qubely-block-info-box  qubely-info-box-layout-2\"><div class=\"qubely-info-box-media\"><i class=\"qubely-info-box-icon fas fa-chevron-circle-right\"><\/i><\/div><div class=\"qubely-info-box-body\"><div class=\"qubely-info-box-title-container  qubely-separator-position-top\"><div class=\"qubely-info-box-title-inner\"><h2 class=\"qubely-info-box-title\">Objetivos espec\u00edficos:<\/h2><\/div><\/div><div class=\"qubely-info-box-content\"><div class=\"qubely-info-box-text\"><span style=\"color: #000000;\" data=\"#000000\" class=\"qubely-text-has-color\"><ul><li>Promover la orientaci\u00f3n vocacional que minimice el riesgo de bajo rendimiento acad\u00e9mico y deserci\u00f3n estudiantil en los programas de pregrado en las \u00e1reas con enfoque en salud.<\/li> <li>Reforzar los conocimientos b\u00e1sicos abordados en las asignaturas de los programas con enfoque en salud.<\/li> <li>Facilitar la integraci\u00f3n y adaptaci\u00f3n a la vida universitaria permitiendo desenvolverse eficazmente en el \u00e1mbito acad\u00e9mico y personal<\/li><\/ul><\/span><\/div><\/div><\/div><\/div><\/div>\n\n\n\n<div class=\"wp-block-qubely-infobox qubely-block-ee6a8f\"><div class=\"qubely-block-info-box  qubely-info-box-layout-2\"><div class=\"qubely-info-box-media\"><i class=\"qubely-info-box-icon fas fa-chevron-circle-right\"><\/i><\/div><div class=\"qubely-info-box-body\"><div class=\"qubely-info-box-title-container  qubely-separator-position-top\"><div class=\"qubely-info-box-title-inner\"><h2 class=\"qubely-info-box-title\"><strong>Modalidad presencial<\/strong><\/h2><\/div><\/div><div class=\"qubely-info-box-content\"><div class=\"qubely-info-box-text\"><span style=\"color: #000000;\" data=\"#000000\" class=\"qubely-text-has-color\">Presencial<\/span> &#8211; Pasto<\/div><\/div><\/div><\/div><\/div>\n\n\n\n<div class=\"wp-block-qubely-infobox qubely-block-ae4668\"><div class=\"qubely-block-info-box  qubely-info-box-layout-2\"><div class=\"qubely-info-box-media\"><i class=\"qubely-info-box-icon fas fa-chevron-circle-right\"><\/i><\/div><div class=\"qubely-info-box-body\"><div class=\"qubely-info-box-title-container  qubely-separator-position-top\"><div class=\"qubely-info-box-title-inner\"><h2 class=\"qubely-info-box-title\">Beneficios<\/h2><\/div><\/div><div class=\"qubely-info-box-content\"><div class=\"qubely-info-box-text\"><strong><span style=\"color: #000000;\" data=\"#000000\" class=\"qubely-text-has-color\"><\/span><\/strong><ul><li>La asignaci\u00f3n del cupo por promedio acad\u00e9mico se definir\u00e1 de acuerdo al <a href=\"https:\/\/www.unicatolicadelsur.edu.co\/catsur\/wp-content\/uploads\/AcuerdosConsejoAcademico\/2023\/ACUERDO-ACADEMICO-006-3-MAR-2023-REGLAMENTO-DEL-CURSO-PREUNIVERSITARIO-GESTION-INTEGRAL-DE-LA-SALUD.pdf\" data-type=\"link\" data-id=\"https:\/\/www.unicatolicadelsur.edu.co\/catsur\/wp-content\/uploads\/AcuerdosConsejoAcademico\/2023\/ACUERDO-ACADEMICO-006-3-MAR-2023-REGLAMENTO-DEL-CURSO-PREUNIVERSITARIO-GESTION-INTEGRAL-DE-LA-SALUD.pdf\">Reglamento Curso Preuniversitario<\/a><\/li><\/ul><\/div><\/div><\/div><\/div><\/div>\n\n\n\n<div class=\"wp-block-qubely-infobox qubely-block-c24bf3\"><div class=\"qubely-block-info-box  qubely-info-box-layout-2\"><div class=\"qubely-info-box-media\"><i class=\"qubely-info-box-icon fas fa-chevron-circle-right\"><\/i><\/div><div class=\"qubely-info-box-body\"><div class=\"qubely-info-box-title-container  qubely-separator-position-top\"><div class=\"qubely-info-box-title-inner\"><h2 class=\"qubely-info-box-title\">Dirigido a<\/h2><\/div><\/div><div class=\"qubely-info-box-content\"><div class=\"qubely-info-box-text\"><strong>Toda la comunidad interesada<\/strong><\/div><\/div><\/div><\/div><\/div>\n\n\n\n<div class=\"wp-block-qubely-infobox qubely-block-7aff76\"><div class=\"qubely-block-info-box  qubely-info-box-layout-2\"><div class=\"qubely-info-box-media\"><i class=\"qubely-info-box-icon fas fa-chevron-circle-right\"><\/i><\/div><div class=\"qubely-info-box-body\"><div class=\"qubely-info-box-title-container  qubely-separator-position-top\"><div class=\"qubely-info-box-title-inner\"><h2 class=\"qubely-info-box-title\">Duraci\u00f3n<\/h2><\/div><\/div><div class=\"qubely-info-box-content\"><div class=\"qubely-info-box-text\"><strong>195 horas<\/strong><\/div><\/div><\/div><\/div><\/div>\n\n\n\n<div class=\"wp-block-qubely-infobox qubely-block-aac6dd\"><div class=\"qubely-block-info-box  qubely-info-box-layout-2\"><div class=\"qubely-info-box-media\"><i class=\"qubely-info-box-icon fas fa-chevron-circle-right\"><\/i><\/div><div class=\"qubely-info-box-body\"><div class=\"qubely-info-box-title-container  qubely-separator-position-top\"><div class=\"qubely-info-box-title-inner\"><h2 class=\"qubely-info-box-title\">Inversi\u00f3n<\/h2><\/div><\/div><div class=\"qubely-info-box-content\"><div class=\"qubely-info-box-text\"><strong><span style=\"color: #000000;\" data=\"#000000\" class=\"qubely-text-has-color\"><\/span><\/strong><ul><li><strong>Costo<\/strong><strong style=\"background-color: var(--qubely-color-5);\">:<\/strong><span style=\"background-color: var(--qubely-color-5);\"> $ 1.693.440<\/span><\/li><\/ul><strong><em>\u00a1Ultimos dias de Inscripci\u00f3n!<\/em><\/strong> &#8211; <strong><em>\u00a1Inscripci\u00f3n GRATUITA!<\/em><\/strong><br><\/div><\/div><\/div><\/div><\/div>\n\n\n\n<div class=\"wp-block-qubely-infobox qubely-block-037375\"><div class=\"qubely-block-info-box  qubely-info-box-layout-2\"><div class=\"qubely-info-box-media\"><i class=\"qubely-info-box-icon fas fa-chevron-circle-right\"><\/i><\/div><div class=\"qubely-info-box-body\"><div class=\"qubely-info-box-title-container  qubely-separator-position-top\"><div class=\"qubely-info-box-title-inner\"><h2 class=\"qubely-info-box-title\">Requisitos y procesos de inscripci\u00f3n<\/h2><\/div><\/div><div class=\"qubely-info-box-content\"><div class=\"qubely-info-box-text\"><strong><span style=\"color: #000000;\" data=\"#000000\" class=\"qubely-text-has-color\"><\/span><\/strong><ul><li>Diligenciar el formulario de inscripci\u00f3n.<\/li><\/ul><ul><li>Cargar los documentos solicitados<\/li><\/ul><\/div><\/div><\/div><\/div><\/div>\n\n\n\n<div class=\"wp-block-qubely-infobox qubely-block-3b2618\"><div class=\"qubely-block-info-box  qubely-info-box-layout-2\"><div class=\"qubely-info-box-media\"><i class=\"qubely-info-box-icon fas fa-chevron-circle-right\"><\/i><\/div><div class=\"qubely-info-box-body\"><div class=\"qubely-info-box-title-container  qubely-separator-position-top\"><div class=\"qubely-info-box-title-inner\"><h2 class=\"qubely-info-box-title\">Lugares y fechas:<br><\/h2><\/div><\/div><div class=\"qubely-info-box-content\"><div class=\"qubely-info-box-text\"><strong>Pasto<\/strong> <strong>&#8211; 2026<\/strong><br>Sede San Juan Pablo II &#8211; Calle 16 N\u00b0 21A-53 Centro<br><strong>Inicio:<\/strong> 02 Febrero 2026<\/div><\/div><\/div><\/div><\/div>\n\n\n\n<div class=\"wp-block-qubely-infobox qubely-block-6362f9\"><div class=\"qubely-block-info-box  qubely-info-box-layout-2\"><div class=\"qubely-info-box-media\"><i class=\"qubely-info-box-icon fas fa-chevron-circle-right\"><\/i><\/div><div class=\"qubely-info-box-body\"><div class=\"qubely-info-box-title-container  qubely-separator-position-top\"><div class=\"qubely-info-box-title-inner\"><h2 class=\"qubely-info-box-title\">Contactos:<\/h2><\/div><\/div><div class=\"qubely-info-box-content\"><div class=\"qubely-info-box-text\"><strong>mercadeo@unicatolicadelsur.edu.co (314 778 3658)<\/strong><\/div><\/div><\/div><\/div><\/div>\n\n\n\n<div class=\"wp-block-qubely-row qubely-section qubely-block-b8059a\"><div class=\"qubely-row-overlay\"><\/div><div class=\"qubely-container\"><div class=\"qubely-row \">\n<div class=\"wp-block-qubely-column qubely-column qubely-column-front qubely-block-c153b7\"><div class=\"qubely-column-inner\">\n<div class=\"wp-block-qubely-button qubely-block-574523\"><div class=\"qubely-block-btn-wrapper \"><div class=\"qubely-block-btn\"><a class=\"qubely-block-btn-anchor is-large\" href=\"https:\/\/wa.me\/message\/EWYM7A4O3IVVP1\" target=\"_blank\" rel=\"noopener noreferrer\">PARA MAYOR INFORMACI\u00d3N HAZ CLIC AQU\u00cd<\/a><\/div><\/div><\/div>\n\n\n\n<div class=\"wp-block-qubely-button qubely-block-2e638c\"><div class=\"qubely-block-btn-wrapper \"><div class=\"qubely-block-btn\"><a class=\"qubely-block-btn-anchor is-large\" href=\"https:\/\/extension.unicatolicadelsur.edu.co\" target=\"_blank\" rel=\"noopener noreferrer\">PARA INSCRIBIRTE HAZ CLIC AQU\u00cd<\/a><\/div><\/div><\/div>\n<\/div><\/div>\n<\/div><\/div><\/div>\n<\/div><\/div>\n<\/div><\/div><\/div>\n\n\n\n<div class=\"wp-block-qubely-row alignfull qubely-section qubely-block-4a2433\"><div class=\"qubely-row-overlay\"><\/div><div class=\"qubely-container\"><div class=\"qubely-row \">\n<div class=\"wp-block-qubely-column qubely-column qubely-column-front qubely-block-0b8efc\"><div class=\"qubely-column-inner\">\n<div class=\"wp-block-qubely-text qubely-block-3ebafb\"><div class=\"qubely-block-text  \"><p><strong><span style=\"color: #ffffff;\" data=\"#ffffff\" class=\"qubely-text-has-color\">M\u00f3dulos<\/span><\/strong><\/p><\/div><\/div>\n<\/div><\/div>\n<\/div><\/div><\/div>\n\n\n\n<div class=\"wp-block-qubely-row alignfull qubely-section qubely-block-1581db\"><div class=\"qubely-row-overlay\"><\/div><div class=\"qubely-container\"><div class=\"qubely-row \">\n<div class=\"wp-block-qubely-column qubely-column qubely-column-front qubely-block-5e4bf0\"><div class=\"qubely-column-inner\">\n<div class=\"wp-block-qubely-infobox qubely-block-49fb99\"><div class=\"qubely-block-info-box  qubely-info-box-layout-1\"><div class=\"qubely-info-box-media qubely-media-has-bg\"><i class=\"qubely-info-box-icon fas fa-laptop\"><\/i><\/div><div class=\"qubely-info-box-body\"><div class=\"qubely-info-box-title-container  qubely-separator-position-top\"><div class=\"qubely-info-box-title-inner\"><h2 class=\"qubely-info-box-title\"><strong>Herramientas Inform\u00e1ticas y Tecnol\u00f3gicas<\/strong><\/h2><\/div><\/div><\/div><\/div><\/div>\n<\/div><\/div>\n\n\n\n<div class=\"wp-block-qubely-column qubely-column qubely-column-front qubely-block-34f59e\"><div class=\"qubely-column-inner\">\n<div class=\"wp-block-qubely-infobox qubely-block-ca5025\"><div class=\"qubely-block-info-box  qubely-info-box-layout-1\"><div class=\"qubely-info-box-media qubely-media-has-bg\"><i class=\"qubely-info-box-icon fas fa-dna\"><\/i><\/div><div class=\"qubely-info-box-body\"><div class=\"qubely-info-box-title-container  qubely-separator-position-top\"><div class=\"qubely-info-box-title-inner\"><h2 class=\"qubely-info-box-title\"><strong>Introducci\u00f3n a la Bioqu\u00edmica<\/strong><\/h2><\/div><\/div><\/div><\/div><\/div>\n<\/div><\/div>\n\n\n\n<div class=\"wp-block-qubely-column qubely-column qubely-column-front qubely-block-d96a47\"><div class=\"qubely-column-inner\">\n<div class=\"wp-block-qubely-infobox qubely-block-6bd5d5\"><div class=\"qubely-block-info-box  qubely-info-box-layout-1\"><div class=\"qubely-info-box-media qubely-media-has-bg\"><i class=\"qubely-info-box-icon fas fa-briefcase-medical\"><\/i><\/div><div class=\"qubely-info-box-body\"><div class=\"qubely-info-box-title-container  qubely-separator-position-top\"><div class=\"qubely-info-box-title-inner\"><h2 class=\"qubely-info-box-title\"><strong>Primeros<\/strong> <strong>Auxilios<\/strong><\/h2><\/div><\/div><\/div><\/div><\/div>\n<\/div><\/div>\n<\/div><\/div><\/div>\n\n\n\n<div class=\"wp-block-qubely-row alignfull qubely-section qubely-block-0a3bc6\"><div class=\"qubely-row-overlay\"><\/div><div class=\"qubely-container\"><div class=\"qubely-row \">\n<div class=\"wp-block-qubely-column qubely-column qubely-column-front qubely-block-5ab0d9\"><div class=\"qubely-column-inner\">\n<div class=\"wp-block-qubely-infobox qubely-block-1c22c6\"><div class=\"qubely-block-info-box  qubely-info-box-layout-1\"><div class=\"qubely-info-box-media qubely-media-has-bg\"><i class=\"qubely-info-box-icon fas fa-dice-d20\"><\/i><\/div><div class=\"qubely-info-box-body\"><div class=\"qubely-info-box-title-container  qubely-separator-position-top\"><div class=\"qubely-info-box-title-inner\"><h2 class=\"qubely-info-box-title\">Orientaci\u00f3n Vocacional<\/h2><\/div><\/div><\/div><\/div><\/div>\n<\/div><\/div>\n\n\n\n<div class=\"wp-block-qubely-column qubely-column qubely-column-front qubely-block-01ea55\"><div class=\"qubely-column-inner\">\n<div class=\"wp-block-qubely-infobox qubely-block-69ae60\"><div class=\"qubely-block-info-box  qubely-info-box-layout-1\"><div class=\"qubely-info-box-media qubely-media-has-bg\"><i class=\"qubely-info-box-icon fas fa-book-reader\"><\/i><\/div><div class=\"qubely-info-box-body\"><div class=\"qubely-info-box-title-container  qubely-separator-position-top\"><div class=\"qubely-info-box-title-inner\"><h2 class=\"qubely-info-box-title\"><strong>Lectoescritura<\/strong><span style=\"color: #ffffff;\" data=\"#ffffff\" class=\"qubely-text-has-color\">.<\/span><\/h2><\/div><\/div><\/div><\/div><\/div>\n<\/div><\/div>\n\n\n\n<div class=\"wp-block-qubely-column qubely-column qubely-column-front qubely-block-bf20b1\"><div class=\"qubely-column-inner\">\n<div class=\"wp-block-qubely-infobox qubely-block-f15d84\"><div class=\"qubely-block-info-box  qubely-info-box-layout-1\"><div class=\"qubely-info-box-media qubely-media-has-bg\"><i class=\"qubely-info-box-icon fas fa-sort-numeric-up\"><\/i><\/div><div class=\"qubely-info-box-body\"><div class=\"qubely-info-box-title-container  qubely-separator-position-top\"><div class=\"qubely-info-box-title-inner\"><h2 class=\"qubely-info-box-title\"><strong>Matem\u00e1ticas<\/strong><\/h2><\/div><\/div><\/div><\/div><\/div>\n<\/div><\/div>\n<\/div><\/div><\/div>\n","protected":false},"excerpt":{"rendered":"","protected":false},"author":1,"featured_media":0,"parent":0,"menu_order":0,"comment_status":"closed","ping_status":"closed","template":"","meta":{"qubely_global_settings":"","qubely_interactions":"","_uag_custom_page_level_css":"","_vp_format_video_url":"","_vp_image_focal_point":[],"footnotes":""},"class_list":["post-9720","page","type-page","status-publish","hentry"],"uagb_featured_image_src":{"full":false,"thumbnail":false,"medium":false,"medium_large":false,"large":false,"1536x1536":false,"2048x2048":false,"qubely_landscape":false,"qubely_portrait":false,"qubely_thumbnail":false,"vp_sm":false,"vp_md":false,"vp_lg":false,"vp_xl":false,"vp_sm_popup":false,"vp_md_popup":false,"vp_xl_popup":false,"enlighten-slider-image":false,"enlighten-portfolio-image":false,"enlighten-service-image":false,"enlighten-service-image-2":false,"enlighten-testimonial-image":false,"enlighten-client-section":false,"enlighten-recent-news":false,"enlighten-recent-news-disable-twitter":false,"enlighten-footer-recent-news":false,"enlighten-single-page":false,"enlighten-coourse-image":false,"enlighten-event-image":false,"enlighten-blog-image":false,"enlighten-team-home":false,"enlighten-portfolio-grid":false,"enlighten-blog-list-post":false,"enlighten-event-schedule":false},"uagb_author_info":{"display_name":"unicat","author_link":"https:\/\/www.unicatolicadelsur.edu.co\/catsur\/author\/unicat\/"},"uagb_comment_info":0,"uagb_excerpt":null,"_links":{"self":[{"href":"https:\/\/www.unicatolicadelsur.edu.co\/catsur\/wp-json\/wp\/v2\/pages\/9720","targetHints":{"allow":["GET"]}}],"collection":[{"href":"https:\/\/www.unicatolicadelsur.edu.co\/catsur\/wp-json\/wp\/v2\/pages"}],"about":[{"href":"https:\/\/www.unicatolicadelsur.edu.co\/catsur\/wp-json\/wp\/v2\/types\/page"}],"author":[{"embeddable":true,"href":"https:\/\/www.unicatolicadelsur.edu.co\/catsur\/wp-json\/wp\/v2\/users\/1"}],"replies":[{"embeddable":true,"href":"https:\/\/www.unicatolicadelsur.edu.co\/catsur\/wp-json\/wp\/v2\/comments?post=9720"}],"version-history":[{"count":4,"href":"https:\/\/www.unicatolicadelsur.edu.co\/catsur\/wp-json\/wp\/v2\/pages\/9720\/revisions"}],"predecessor-version":[{"id":21459,"href":"https:\/\/www.unicatolicadelsur.edu.co\/catsur\/wp-json\/wp\/v2\/pages\/9720\/revisions\/21459"}],"wp:attachment":[{"href":"https:\/\/www.unicatolicadelsur.edu.co\/catsur\/wp-json\/wp\/v2\/media?parent=9720"}],"curies":[{"name":"wp","href":"https:\/\/api.w.org\/{rel}","templated":true}]}}