{"id":356,"date":"2021-04-30T11:59:32","date_gmt":"2021-04-30T16:59:32","guid":{"rendered":"https:\/\/www.unicatolicadelsur.edu.co\/catsur\/?page_id=356"},"modified":"2025-04-22T17:32:42","modified_gmt":"2025-04-22T22:32:42","slug":"posgrado","status":"publish","type":"page","link":"https:\/\/www.unicatolicadelsur.edu.co\/catsur\/posgrado\/","title":{"rendered":"Posgrado"},"content":{"rendered":"\n<div class=\"wp-block-qubely-row qubely-section qubely-block-d01f77\"><div class=\"qubely-row-overlay\"><\/div><div class=\"qubely-container\"><div class=\"qubely-row \">\n<div class=\"wp-block-qubely-column qubely-column qubely-column-front qubely-block-62ee43\"><div class=\"qubely-column-inner\">\n<div class=\"wp-block-uagb-advanced-heading uagb-block-992941df\"><h2 class=\"uagb-heading-text\">La Unicat\u00f3lica del Sur en uni\u00f3n con la Universidad Cat\u00f3lica de Manizales ofrece los siguientes programas de Posgrado.<\/h2><\/div>\n<\/div><\/div>\n<\/div><\/div><\/div>\n\n\n\n<div class=\"wp-block-uagb-container uagb-block-ad3b5bfd alignfull uagb-is-root-container\"><div class=\"uagb-container-inner-blocks-wrap\">\n<div class=\"wp-block-uagb-container uagb-block-8b144072\">\n<div class=\"wp-block-qubely-image qubely-block-056012\" data-qubelyanimation=\"{&quot;animation&quot;:&quot;slide&quot;,&quot;name&quot;:&quot;slideLeft&quot;,&quot;repeat&quot;:&quot;once&quot;,&quot;direction&quot;:&quot;Left&quot;,&quot;duration&quot;:1000,&quot;delay&quot;:0,&quot;curve&quot;:&quot;ease-in-out&quot;,&quot;openAnimation&quot;:1}\"><div class=\"qubely-block-image qubley-block-interaction qubely-image-layout-simple\"><div class=\"qubely-image-media qubely-vertical-alignment-center qubely-horizontal-alignment-center\"><figure><div class=\"qubely-image-container\"><a href=\"https:\/\/www.ucm.edu.co\/programa\/especializacion-en-administracion-de-la-salud\/\" target=\"_blank\" rel=\"noopener noreferrer\"><img decoding=\"async\" class=\"qubely-image-image\" src=\"https:\/\/www.unicatolicadelsur.edu.co\/catsur\/wp-content\/uploads\/2023\/03\/especializacion-en-AS.jpeg\" alt=\"\"\/><\/a><\/div><figcaption class=\"qubely-image-caption\">Haz clic <br>para m\u00e1s informaci\u00f3n.<\/figcaption><\/figure><\/div><\/div><\/div>\n<\/div>\n\n\n\n<div class=\"wp-block-uagb-container uagb-block-84402c3f\">\n<div class=\"wp-block-qubely-image qubely-block-88858b\"><div class=\"qubely-block-image qubley-block-interaction qubely-image-layout-simple\"><div class=\"qubely-image-media qubely-vertical-alignment-center qubely-horizontal-alignment-center\"><figure><div class=\"qubely-image-container\"><a href=\"https:\/\/www.ucm.edu.co\/programa\/maestria-en-pedagogia\/\" target=\"_blank\" rel=\"noopener noreferrer\"><img decoding=\"async\" class=\"qubely-image-image\" src=\"https:\/\/www.unicatolicadelsur.edu.co\/catsur\/wp-content\/uploads\/2023\/03\/Maestria-pedagogia.jpeg\" alt=\"\"\/><\/a><\/div><figcaption class=\"qubely-image-caption\">Haz clic <br>para m\u00e1s informaci\u00f3n.<\/figcaption><\/figure><\/div><\/div><\/div>\n<\/div>\n<\/div><\/div>\n\n\n\n<div class=\"wp-block-qubely-row alignfull qubely-section qubely-block-92c38e\"><div class=\"qubely-row-overlay\"><\/div><div class=\"qubely-container\"><div class=\"qubely-row \">\n<div class=\"wp-block-qubely-column qubely-column qubely-column-front qubely-block-68f2e6\"><div class=\"qubely-column-inner\">\n<div class=\"wp-block-qubely-text qubely-block-fffa8c\"><div class=\"qubely-block-text  \"><div class=\"qubely-block-text-title-container  qubely-separator-position-top\"><div class=\"qubely-block-text-title-inner\"><h2 class=\"qubely-block-text-title\">Centro de Atenci\u00f3n<br>Tutorial<\/h2><\/div><\/div><p><strong>CAT PASTO<\/strong><\/p><\/div><\/div>\n<\/div><\/div>\n\n\n\n<div class=\"wp-block-qubely-column qubely-column qubely-column-front qubely-block-ec5910\"><div class=\"qubely-column-inner\">\n<div class=\"wp-block-qubely-text qubely-block-e07349\"><div class=\"qubely-block-text  \"><p>A partir del a\u00f1o 2020 se establecen las bases de cooperaci\u00f3n entre la Universidad Cat\u00f3lica de Manizales y la Fundaci\u00f3n Universitaria Cat\u00f3lica del Sur &#8211; UniCat\u00f3lica del Sur, con la finalidad de que esta \u00faltima se constituya como CENTRO TUTORIAL para la oferta acad\u00e9mica de programas de la Universidad Cat\u00f3lica de Manizales, con metodolog\u00eda de educaci\u00f3n a distancia en los niveles de pregrado y posgrado, as\u00ed como el desarrollo de procesos acad\u00e9micos y de extensi\u00f3n conjunta, teniendo en cuenta las necesidades de las dos Instituciones y el contexto educativo de la regi\u00f3n suroccidente colombiana. Por el momento se cuenta con dos programas: <br><br><strong>Especializaci\u00f3n en Administraci\u00f3n de la Salud que se desarrolla en 3 semestres y Maestr\u00eda en Pedagog\u00eda, que se desarrolla en 4 semestres<\/strong>.<\/p><\/div><\/div>\n<\/div><\/div>\n<\/div><\/div><\/div>\n\n\n\n<div class=\"wp-block-qubely-row alignfull qubely-section qubely-block-b791c3\"><div class=\"qubely-row-overlay\"><\/div><div class=\"qubely-container\"><div class=\"qubely-row \">\n<div class=\"wp-block-qubely-column qubely-column qubely-column-front qubely-block-4dcb41\"><div class=\"qubely-column-inner\">\n<div class=\"wp-block-qubely-team qubely-block-0efaa5\"><div class=\"qubely-block-team  qubely-team-layout-1\"><div class=\"qubely-team-image-wrapper\"><img decoding=\"async\" class=\"qubely-team-image\" src=\"https:\/\/www.unicatolicadelsur.edu.co\/catsur\/wp-content\/uploads\/2021\/09\/p22.png\" srcset=\"\" alt=\"Coordinador del <br&gt;Centro de Atenci\u00f3n Tutorial Pasto\"\/><\/div><div class=\"qubely-team-content\"><div class=\"qubely-team-content-inner\"><span class=\"qubely-team-name\">Coordinador del <br>Centro de Atenci\u00f3n Tutorial Pasto<\/span><\/div><\/div><\/div><\/div>\n<\/div><\/div>\n\n\n\n<div class=\"wp-block-qubely-column qubely-column qubely-column-front qubely-block-1be894\"><div class=\"qubely-column-inner\">\n<div class=\"wp-block-qubely-text qubely-block-73cfc9\"><div class=\"qubely-block-text  \"><div class=\"qubely-block-text-title-container  qubely-separator-position-top\"><div class=\"qubely-block-text-title-inner\"><h2 class=\"qubely-block-text-title\"><strong>Pbro. Alexander Guillermo Ortega Rojas<br><\/strong><\/h2><\/div><div class=\"qubely-block-text-sub-title-container\"><h3 class=\"qubely-block-text-sub-title\"><strong>Lic. en Ciencias Religiosas<br>Lic. en Filosof\u00eda, pensamiento pol\u00edtico y econ\u00f3mico<br>Esp. en Gerencia Educativa<br>Mag\u00edster en Educaci\u00f3n<\/strong><\/h3><\/div><\/div><p><br>En sus 15 a\u00f1os de ministerio sacerdotal se ha desempe\u00f1ado como p\u00e1rroco, coordinador de comisiones, vicario para la pastoral y actualmente en la rector\u00eda de la Catedral de la Di\u00f3cesis de Pasto. Ha trabajado en el campo de la docencia durante 9 a\u00f1os, como profesor del Seminario Mayor durante 6 a\u00f1os en los espacios de pastoral y Doctrina Social de la Iglesia, desde el a\u00f1o 2017 est\u00e1 vinculado como tutor de la Universidad Santo Tom\u00e1s en la facultad de educaci\u00f3n y en el acompa\u00f1amiento a procesos de investigaci\u00f3n y desde el a\u00f1o 2020 hace parte de Unicat\u00f3lica del Sur como capell\u00e1n y coordinador del centro de posgrados en convenio con la Universidad Cat\u00f3lica de Manizales.<\/p><\/div><\/div>\n<\/div><\/div>\n<\/div><\/div><\/div>\n","protected":false},"excerpt":{"rendered":"","protected":false},"author":1,"featured_media":0,"parent":0,"menu_order":0,"comment_status":"closed","ping_status":"closed","template":"","meta":{"qubely_global_settings":"","qubely_interactions":"","_uag_custom_page_level_css":"","_vp_format_video_url":"","_vp_image_focal_point":[],"footnotes":""},"class_list":["post-356","page","type-page","status-publish","hentry"],"uagb_featured_image_src":{"full":false,"thumbnail":false,"medium":false,"medium_large":false,"large":false,"1536x1536":false,"2048x2048":false,"qubely_landscape":false,"qubely_portrait":false,"qubely_thumbnail":false,"vp_sm":false,"vp_md":false,"vp_lg":false,"vp_xl":false,"vp_sm_popup":false,"vp_md_popup":false,"vp_xl_popup":false,"enlighten-slider-image":false,"enlighten-portfolio-image":false,"enlighten-service-image":false,"enlighten-service-image-2":false,"enlighten-testimonial-image":false,"enlighten-client-section":false,"enlighten-recent-news":false,"enlighten-recent-news-disable-twitter":false,"enlighten-footer-recent-news":false,"enlighten-single-page":false,"enlighten-coourse-image":false,"enlighten-event-image":false,"enlighten-blog-image":false,"enlighten-team-home":false,"enlighten-portfolio-grid":false,"enlighten-blog-list-post":false,"enlighten-event-schedule":false},"uagb_author_info":{"display_name":"unicat","author_link":"https:\/\/www.unicatolicadelsur.edu.co\/catsur\/author\/unicat\/"},"uagb_comment_info":0,"uagb_excerpt":null,"_links":{"self":[{"href":"https:\/\/www.unicatolicadelsur.edu.co\/catsur\/wp-json\/wp\/v2\/pages\/356","targetHints":{"allow":["GET"]}}],"collection":[{"href":"https:\/\/www.unicatolicadelsur.edu.co\/catsur\/wp-json\/wp\/v2\/pages"}],"about":[{"href":"https:\/\/www.unicatolicadelsur.edu.co\/catsur\/wp-json\/wp\/v2\/types\/page"}],"author":[{"embeddable":true,"href":"https:\/\/www.unicatolicadelsur.edu.co\/catsur\/wp-json\/wp\/v2\/users\/1"}],"replies":[{"embeddable":true,"href":"https:\/\/www.unicatolicadelsur.edu.co\/catsur\/wp-json\/wp\/v2\/comments?post=356"}],"version-history":[{"count":0,"href":"https:\/\/www.unicatolicadelsur.edu.co\/catsur\/wp-json\/wp\/v2\/pages\/356\/revisions"}],"wp:attachment":[{"href":"https:\/\/www.unicatolicadelsur.edu.co\/catsur\/wp-json\/wp\/v2\/media?parent=356"}],"curies":[{"name":"wp","href":"https:\/\/api.w.org\/{rel}","templated":true}]}}