{"id":29,"date":"2021-03-24T12:52:58","date_gmt":"2021-03-24T17:52:58","guid":{"rendered":"http:\/\/localhost\/wordpress\/?page_id=29"},"modified":"2023-03-30T12:19:16","modified_gmt":"2023-03-30T17:19:16","slug":"inscripciones-ass","status":"publish","type":"page","link":"https:\/\/www.unicatolicadelsur.edu.co\/catsur\/inscripciones-ass\/","title":{"rendered":"Inscripciones Administraci\u00f3n de Servicios de Salud"},"content":{"rendered":"\n<div class=\"wp-block-qubely-row qubely-section qubely-block-1d6ea2\"><div class=\"qubely-row-overlay\"><\/div><div class=\"qubely-container\"><div class=\"qubely-row \">\n<div class=\"wp-block-qubely-column qubely-column qubely-column-front qubely-block-b4882d\"><div class=\"qubely-column-inner\">\n<div class=\"wp-block-qubely-image alignfull qubely-block-1328fb\"><div class=\"qubely-block-image  qubely-image-layout-simple\"><div class=\"qubely-image-media qubely-vertical-alignment-center qubely-horizontal-alignment-center\"><figure><div class=\"qubely-image-container\"><img decoding=\"async\" class=\"qubely-image-image\" src=\"https:\/\/www.unicatolicadelsur.edu.co\/catsur\/wp-content\/uploads\/2023\/03\/banner-incripciones-1.png\" alt=\"\"\/><\/div><\/figure><\/div><\/div><\/div>\n<\/div><\/div>\n<\/div><\/div><\/div>\n\n\n\n<div class=\"wp-block-qubely-row aligncenter qubely-section qubely-block-7a7e39\"><div class=\"qubely-row-overlay\"><\/div><div class=\"qubely-container-fluid\"><div class=\"qubely-row \">\n<div class=\"wp-block-qubely-column qubely-column qubely-column-front qubely-block-c0adb8\"><div class=\"qubely-column-inner\">\n<div class=\"wp-block-qubely-wrapper qubely-block-4fa830\"><div class=\"qubely-block-wrapper-block \">\n<div class=\"wp-block-qubely-text qubely-block-b0cbca\"><div class=\"qubely-block-text  \"><div class=\"qubely-block-text-title-container  qubely-separator-position-top\"><div class=\"qubely-block-text-title-inner\"><h3 class=\"qubely-block-text-title\">Proceso de<br>Inscripci\u00f3n<\/h3><\/div><\/div><p>Para conocer detalladamente los pasos de inscripci\u00f3n  da clic en el siguiente video.<\/p><\/div><\/div>\n\n\n\n<div class=\"wp-block-qubely-image qubely-block-e32505\"><div class=\"qubely-block-image  qubely-image-layout-simple\"><div class=\"qubely-image-media qubely-vertical-alignment-center qubely-horizontal-alignment-center\"><figure><div class=\"qubely-image-container\"><a href=\"https:\/\/inscripciones.unicatolicadelsur.edu.co\" target=\"_blank\" rel=\"noopener noreferrer\"><img decoding=\"async\" class=\"qubely-image-image\" src=\"https:\/\/www.unicatolicadelsur.edu.co\/catsur\/wp-content\/uploads\/2023\/03\/pasoa-a-paso-inscripciones-06.png\" alt=\"\"\/><\/a><\/div><\/figure><\/div><\/div><\/div>\n\n\n\n<div class=\"wp-block-qubely-row qubely-section qubely-block-dbd9c8\"><div class=\"qubely-row-overlay\"><\/div><div class=\"qubely-container\"><div class=\"qubely-row \">\n<div class=\"wp-block-qubely-column qubely-column qubely-column-front qubely-block-d92828\"><div class=\"qubely-column-inner\"><\/div><\/div>\n<\/div><\/div><\/div>\n<\/div><\/div>\n<\/div><\/div>\n\n\n\n<div class=\"wp-block-qubely-column qubely-column qubely-column-front qubely-block-ac2037\"><div class=\"qubely-column-inner\">\n<div class=\"wp-block-qubely-videopopup qubely-block-bef2e8\"><div class=\"qubely-block-videopopup-wrapper  qubely-alignment-center\"><div class=\"qubely-block-videopopup-overlay\"><\/div><div class=\"qubely-block-videopopup qubely-size-small\"><a class=\"qubely-video-popup\" href=\"https:\/\/www.youtube.com\/watch?v=Hd0i-y5J0Ts\"><i class=\"qubely-btn-icon fas fa-play\"><\/i><\/a><\/div><\/div><\/div>\n<\/div><\/div>\n<\/div><\/div><\/div>\n\n\n\n<div class=\"wp-block-qubely-row qubely-section qubely-block-0a91fd\"><div class=\"qubely-row-overlay\"><\/div><div class=\"qubely-container\"><div class=\"qubely-row \">\n<div class=\"wp-block-qubely-column qubely-column qubely-column-front qubely-block-bca8ff\"><div class=\"qubely-column-inner\">\n<div class=\"wp-block-qubely-image qubely-block-1a7a40\"><div class=\"qubely-block-image  qubely-image-layout-simple\"><div class=\"qubely-image-media qubely-vertical-alignment-center qubely-horizontal-alignment-center\"><figure><div class=\"qubely-image-container\"><img decoding=\"async\" class=\"qubely-image-image\" src=\"https:\/\/www.unicatolicadelsur.edu.co\/catsur\/wp-content\/uploads\/2023\/03\/pasoa-a-paso-inscripciones_ASS.png\" alt=\"\"\/><\/div><\/figure><\/div><\/div><\/div>\n<\/div><\/div>\n<\/div><\/div><\/div>\n\n\n\n<div class=\"wp-block-qubely-row qubely-section qubely-block-270c81\"><div class=\"qubely-row-overlay\"><\/div><div class=\"qubely-container\"><div class=\"qubely-row \">\n<div class=\"wp-block-qubely-column qubely-column qubely-column-front qubely-block-940187\"><div class=\"qubely-column-inner\">\n<div class=\"wp-block-qubely-row qubely-section qubely-block-8eb2b6\"><div class=\"qubely-row-overlay\"><\/div><div class=\"qubely-container\"><div class=\"qubely-row \">\n<div class=\"wp-block-qubely-column qubely-column qubely-column-front qubely-block-df0557\"><div class=\"qubely-column-inner\">\n<div class=\"wp-block-qubely-text qubely-block-093e04\"><div class=\"qubely-block-text  \"><div class=\"qubely-block-text-title-container  qubely-separator-position-top\"><div class=\"qubely-block-text-title-inner\"><h2 class=\"qubely-block-text-title\"><span data-fontsize=\"50\" style=\"font-size: 50px;\" class=\"qubely-custom-font\"><strong><span style=\"color: #166838;\" data=\"#166838\" class=\"qubely-text-has-color\">Documentos de inter\u00e9s<\/span><\/strong><\/span><\/h2><\/div><\/div><p><strong>La gu\u00eda completa de admisiones y becas e incentivos de la Unicat\u00f3lica del Sur<\/strong><\/p><\/div><\/div>\n<\/div><\/div>\n<\/div><\/div><\/div>\n\n\n\n<div class=\"wp-block-qubely-row qubely-section qubely-block-c5708f\"><div class=\"qubely-row-overlay\"><\/div><div class=\"qubely-container\"><div class=\"qubely-row \">\n<div class=\"wp-block-qubely-column qubely-column qubely-column-front qubely-block-747d23\"><div class=\"qubely-column-inner\"><\/div><\/div>\n<\/div><\/div><\/div>\n\n\n\n<div class=\"wp-block-qubely-row qubely-section qubely-block-0fb95c\"><div class=\"qubely-row-overlay\"><\/div><div class=\"qubely-container\"><div class=\"qubely-row \">\n<div class=\"wp-block-qubely-column qubely-column qubely-column-front qubely-block-3e1dcb\"><div class=\"qubely-column-inner\"><\/div><\/div>\n<\/div><\/div><\/div>\n\n\n\n<div class=\"wp-block-qubely-row qubely-section qubely-block-a25b37\"><div class=\"qubely-row-overlay\"><\/div><div class=\"qubely-container\"><div class=\"qubely-row \">\n<div class=\"wp-block-qubely-column qubely-column qubely-column-front qubely-block-8903ac\"><div class=\"qubely-column-inner\"><\/div><\/div>\n<\/div><\/div><\/div>\n\n\n\n<div class=\"wp-block-qubely-row qubely-section qubely-block-da2eae\"><div class=\"qubely-row-overlay\"><\/div><div class=\"qubely-container\"><div class=\"qubely-row \">\n<div class=\"wp-block-qubely-column qubely-column qubely-column-front qubely-block-c1951b\"><div class=\"qubely-column-inner\"><\/div><\/div>\n<\/div><\/div><\/div>\n<\/div><\/div>\n\n\n\n<div class=\"wp-block-qubely-column qubely-column qubely-column-front qubely-block-a0ab03\"><div class=\"qubely-column-inner\">\n<div class=\"wp-block-qubely-row qubely-section qubely-block-14f06e\"><div class=\"qubely-row-overlay\"><\/div><div class=\"qubely-container\"><div class=\"qubely-row \">\n<div class=\"wp-block-qubely-column qubely-column qubely-column-front qubely-block-10174b\"><div class=\"qubely-column-inner\"><\/div><\/div>\n<\/div><\/div><\/div>\n\n\n\n<div class=\"wp-block-qubely-row qubely-section qubely-block-525a3e\"><div class=\"qubely-row-overlay\"><\/div><div class=\"qubely-container\"><div class=\"qubely-row \">\n<div class=\"wp-block-qubely-column qubely-column qubely-column-front qubely-block-a0b4ab\"><div class=\"qubely-column-inner\">\n<div class=\"wp-block-qubely-button qubely-block-884920\"><div class=\"qubely-block-btn-wrapper \"><div class=\"qubely-block-btn\"><a class=\"qubely-block-btn-anchor is-small\" href=\"https:\/\/www.unicatolicadelsur.edu.co\/catsur\/wp-content\/uploads\/AcuerdosConsejoSuperior\/2022\/ACUERDO-SUPERIOR-007-9-MAY-2022-MODIFICA-REGLAMENTO-DE-BECAS-INCENTIVOS-Y-DESCUENTOS-EDUCATIVOS-1.pdf\"><i class=\"qubely-btn-icon far fa-hand-point-right\"><\/i>Ver Becas e Incentivos<\/a><\/div><\/div><\/div>\n<\/div><\/div>\n<\/div><\/div><\/div>\n\n\n\n<div class=\"wp-block-qubely-row qubely-section qubely-block-8d616d\"><div class=\"qubely-row-overlay\"><\/div><div class=\"qubely-container\"><div class=\"qubely-row \">\n<div class=\"wp-block-qubely-column qubely-column qubely-column-front qubely-block-b848f3\"><div class=\"qubely-column-inner\">\n<div class=\"wp-block-qubely-button qubely-block-b243f2\"><div class=\"qubely-block-btn-wrapper \"><div class=\"qubely-block-btn\"><a class=\"qubely-block-btn-anchor is-small\" href=\"https:\/\/www.unicatolicadelsur.edu.co\/catsur\/wp-content\/uploads\/Documentos\/Guia-de-Admisiones-unicatolicadelsur.pdf\"><i class=\"qubely-btn-icon far fa-hand-point-right\"><\/i>Ver Gu\u00eda de Admisiones<\/a><\/div><\/div><\/div>\n<\/div><\/div>\n<\/div><\/div><\/div>\n\n\n\n<div class=\"wp-block-qubely-row qubely-section qubely-block-3b406e\"><div class=\"qubely-row-overlay\"><\/div><div class=\"qubely-container\"><div class=\"qubely-row \">\n<div class=\"wp-block-qubely-column qubely-column qubely-column-front qubely-block-c9d2ac\"><div class=\"qubely-column-inner\">\n<div class=\"wp-block-qubely-button qubely-block-ce787d\"><div class=\"qubely-block-btn-wrapper \"><div class=\"qubely-block-btn\"><a class=\"qubely-block-btn-anchor is-small\" href=\"https:\/\/www.unicatolicadelsur.edu.co\/catsur\/wp-content\/uploads\/Documentos\/P-GDC007-Procedimiento-de-inscripcion-admision-y-matricula-1.pdf\"><i class=\"qubely-btn-icon far fa-hand-point-right\"><\/i>Procedimiento de inscripci\u00f3n, admisi\u00f3n y matr\u00edcula<\/a><\/div><\/div><\/div>\n<\/div><\/div>\n<\/div><\/div><\/div>\n\n\n\n<div class=\"wp-block-qubely-row qubely-section qubely-block-5ee68a\"><div class=\"qubely-row-overlay\"><\/div><div class=\"qubely-container\"><div class=\"qubely-row \">\n<div class=\"wp-block-qubely-column qubely-column qubely-column-front qubely-block-62cc74\"><div class=\"qubely-column-inner\">\n<div class=\"wp-block-qubely-button qubely-block-a7c6e5\"><div class=\"qubely-block-btn-wrapper \"><div class=\"qubely-block-btn\"><a class=\"qubely-block-btn-anchor is-small\" href=\"https:\/\/www.unicatolicadelsur.edu.co\/catsur\/wp-content\/uploads\/AcuerdosConsejoAcademico\/2022\/ACUERDO-ACADEMICO-012-6-JUN-2022-ESTABLECE-PORCENTAJES-DE-SELECCION-ASS-1.pdf\"><i class=\"qubely-btn-icon far fa-hand-point-right\"><\/i>Porcentajes de selecci\u00f3n para el programa Administraci\u00f3n de Servicios de Salud<\/a><\/div><\/div><\/div>\n<\/div><\/div>\n<\/div><\/div><\/div>\n\n\n\n<div class=\"wp-block-qubely-row qubely-section qubely-block-7bd1dc\"><div class=\"qubely-row-overlay\"><\/div><div class=\"qubely-container\"><div class=\"qubely-row \">\n<div class=\"wp-block-qubely-column qubely-column qubely-column-front qubely-block-2464ef\"><div class=\"qubely-column-inner\"><\/div><\/div>\n<\/div><\/div><\/div>\n\n\n\n<div class=\"wp-block-qubely-row qubely-section qubely-block-367557\"><div class=\"qubely-row-overlay\"><\/div><div class=\"qubely-container\"><div class=\"qubely-row \">\n<div class=\"wp-block-qubely-column qubely-column qubely-column-front qubely-block-fb4473\"><div class=\"qubely-column-inner\"><\/div><\/div>\n<\/div><\/div><\/div>\n\n\n\n<div class=\"wp-block-qubely-row qubely-section qubely-block-a4554f\"><div class=\"qubely-row-overlay\"><\/div><div class=\"qubely-container\"><div class=\"qubely-row \">\n<div class=\"wp-block-qubely-column qubely-column qubely-column-front qubely-block-ae64e0\"><div class=\"qubely-column-inner\"><\/div><\/div>\n<\/div><\/div><\/div>\n<\/div><\/div>\n<\/div><\/div><\/div>\n","protected":false},"excerpt":{"rendered":"","protected":false},"author":1,"featured_media":0,"parent":0,"menu_order":0,"comment_status":"closed","ping_status":"closed","template":"","meta":{"qubely_global_settings":"","qubely_interactions":"","_uag_custom_page_level_css":"","_vp_format_video_url":"","_vp_image_focal_point":[],"footnotes":""},"class_list":["post-29","page","type-page","status-publish","hentry"],"uagb_featured_image_src":{"full":false,"thumbnail":false,"medium":false,"medium_large":false,"large":false,"1536x1536":false,"2048x2048":false,"qubely_landscape":false,"qubely_portrait":false,"qubely_thumbnail":false,"vp_sm":false,"vp_md":false,"vp_lg":false,"vp_xl":false,"vp_sm_popup":false,"vp_md_popup":false,"vp_xl_popup":false,"enlighten-slider-image":false,"enlighten-portfolio-image":false,"enlighten-service-image":false,"enlighten-service-image-2":false,"enlighten-testimonial-image":false,"enlighten-client-section":false,"enlighten-recent-news":false,"enlighten-recent-news-disable-twitter":false,"enlighten-footer-recent-news":false,"enlighten-single-page":false,"enlighten-coourse-image":false,"enlighten-event-image":false,"enlighten-blog-image":false,"enlighten-team-home":false,"enlighten-portfolio-grid":false,"enlighten-blog-list-post":false,"enlighten-event-schedule":false},"uagb_author_info":{"display_name":"unicat","author_link":"https:\/\/www.unicatolicadelsur.edu.co\/catsur\/author\/unicat\/"},"uagb_comment_info":0,"uagb_excerpt":null,"_links":{"self":[{"href":"https:\/\/www.unicatolicadelsur.edu.co\/catsur\/wp-json\/wp\/v2\/pages\/29","targetHints":{"allow":["GET"]}}],"collection":[{"href":"https:\/\/www.unicatolicadelsur.edu.co\/catsur\/wp-json\/wp\/v2\/pages"}],"about":[{"href":"https:\/\/www.unicatolicadelsur.edu.co\/catsur\/wp-json\/wp\/v2\/types\/page"}],"author":[{"embeddable":true,"href":"https:\/\/www.unicatolicadelsur.edu.co\/catsur\/wp-json\/wp\/v2\/users\/1"}],"replies":[{"embeddable":true,"href":"https:\/\/www.unicatolicadelsur.edu.co\/catsur\/wp-json\/wp\/v2\/comments?post=29"}],"version-history":[{"count":0,"href":"https:\/\/www.unicatolicadelsur.edu.co\/catsur\/wp-json\/wp\/v2\/pages\/29\/revisions"}],"wp:attachment":[{"href":"https:\/\/www.unicatolicadelsur.edu.co\/catsur\/wp-json\/wp\/v2\/media?parent=29"}],"curies":[{"name":"wp","href":"https:\/\/api.w.org\/{rel}","templated":true}]}}