{"id":25,"date":"2021-03-24T12:52:32","date_gmt":"2021-03-24T17:52:32","guid":{"rendered":"http:\/\/localhost\/wordpress\/?page_id=25"},"modified":"2023-11-20T15:07:57","modified_gmt":"2023-11-20T20:07:57","slug":"la-unicatolica","status":"publish","type":"page","link":"https:\/\/www.unicatolicadelsur.edu.co\/catsur\/la-unicatolica\/","title":{"rendered":"La Unicat\u00f3lica"},"content":{"rendered":"\n<div class=\"wp-block-qubely-row aligncenter qubely-section qubely-block-ef353a\"><div class=\"qubely-row-overlay\"><\/div><div class=\"qubely-container-fluid\"><div class=\"qubely-row \">\n<div class=\"wp-block-qubely-column qubely-column qubely-column-front qubely-block-83c818\"><div class=\"qubely-column-inner\">\n<div class=\"wp-block-qubely-image qubely-block-d0d15d\"><div class=\"qubely-block-image  qubely-image-layout-simple\"><div class=\"qubely-image-media qubely-vertical-alignment-center qubely-horizontal-alignment-center\"><figure><div class=\"qubely-image-container\"><img decoding=\"async\" class=\"qubely-image-image\" src=\"https:\/\/www.unicatolicadelsur.edu.co\/catsur\/wp-content\/uploads\/2021\/09\/02-scaled.jpg\" alt=\"\"\/><\/div><\/figure><\/div><\/div><\/div>\n<\/div><\/div>\n<\/div><\/div><\/div>\n\n\n\n<div class=\"wp-block-qubely-row aligncenter qubely-section qubely-block-b7b5fa\"><div class=\"qubely-row-overlay\"><\/div><div class=\"qubely-container-fluid\"><div class=\"qubely-row \">\n<div class=\"wp-block-qubely-column qubely-column qubely-column-front qubely-block-e8db18\"><div class=\"qubely-column-inner\">\n<div class=\"wp-block-qubely-text qubely-block-912fed\"><div class=\"qubely-block-text  \"><div class=\"qubely-block-text-title-container qubely-has-separator qubely-separator-position-top\"><div class=\"qubely-block-text-title-inner\"><div class=\"qubely-separator qubely-separator-before\"><span class=\"qubely-separator-type-css qubely-separator-solid\"><\/span><\/div><h2 class=\"qubely-block-text-title\"><strong>La UniCat\u00f3lica<\/strong> <strong>del Sur<\/strong><\/h2><\/div><\/div><p><strong>La Fundaci\u00f3n Universitaria Cat\u00f3lica del Sur \u2013 Unicat\u00f3lica del Sur, obra de la Di\u00f3cesis de Pasto, naci\u00f3 en 2015 como respuesta concreta a las necesidades educativas de la regi\u00f3n y al proceso de renovaci\u00f3n Diocesana. Hoy, la Instituci\u00f3n consciente de su trasegar y responsabilidad educativa, es coherente con su misi\u00f3n de formar integralmente bajo los principios y valores del Evangelio, visibilizando el aporte de la Di\u00f3cesis de Pasto como fundadora y de su patrono San Juan Pablo II a trav\u00e9s de la propuesta educativa y formativa que busca dar una respuesta concreta a las necesidades y retos del mundo y del entorno.<\/strong><\/p><\/div><\/div>\n<\/div><\/div>\n\n\n\n<div class=\"wp-block-qubely-column qubely-column qubely-column-front qubely-block-70b084\"><div class=\"qubely-column-inner\">\n<div class=\"wp-block-qubely-videopopup qubely-block-7eff52\"><div class=\"qubely-block-videopopup-wrapper  qubely-alignment-center\"><div class=\"qubely-block-videopopup-overlay\"><\/div><div class=\"qubely-block-videopopup qubely-size-medium\"><a class=\"qubely-video-popup\" href=\"https:\/\/www.youtube.com\/watch?v=rvZoDF60-OA\"><i class=\"qubely-btn-icon fas fa-play\"><span class=\"qubely-ripple\"><\/span><\/i><\/a><\/div><\/div><\/div>\n<\/div><\/div>\n<\/div><\/div><\/div>\n\n\n\n<div class=\"wp-block-qubely-row aligncenter qubely-section qubely-block-221974\"><div class=\"qubely-row-overlay\"><\/div><div class=\"qubely-container-fluid\"><div class=\"qubely-row \">\n<div class=\"wp-block-qubely-column qubely-column qubely-column-front qubely-block-d99f3f\"><div class=\"qubely-column-inner\">\n<div class=\"wp-block-qubely-image qubely-block-f95ee1\"><div class=\"qubely-block-image  qubely-image-layout-simple\"><div class=\"qubely-image-media qubely-vertical-alignment-center qubely-horizontal-alignment-center\"><figure><div class=\"qubely-image-container\"><img decoding=\"async\" class=\"qubely-image-image\" src=\"https:\/\/www.unicatolicadelsur.edu.co\/catsur\/wp-content\/uploads\/2021\/08\/142888488_1813249972183293_9195457259646194519_n.jpg\" alt=\"\"\/><\/div><\/figure><\/div><\/div><\/div>\n<\/div><\/div>\n\n\n\n<div class=\"wp-block-qubely-column qubely-column qubely-column-front qubely-block-08444c\"><div class=\"qubely-column-inner\">\n<div class=\"wp-block-qubely-heading qubely-block-de4678\" id=\"3-la-fundaci%C3%B3n-universitaria-cat%C3%B3lica-del-sur-reconoce-la-gran-responsabilidad-en-contribuir-al-desarrollo-humano-integral-sostenible-por-eso-tiene-como-misi%C3%B3n-servir-a-la-persona-humana-y-a-la-comunidad-de-manera-especial-en-la-regi%C3%B3n-del-suroccidente-colombiano-mediante-la-promoci%C3%B3n-de-un-humanismo-abierto-a-la-trascendencia-y-a-sus-valores-la-construcci%C3%B3n-de-la-comunidad-fraterna-la-edificaci%C3%B3n-de-una-sociedad-justa-y-solidaria-la-b%C3%BAsqueda-de-la-verdad-por-los-caminos-de-la-fe-y-la-ciencia-la-defensa-permanente-de-la-vida-y-el-cuidado-de-la-casa-com%C3%BAn-para-cooperar-desde-su-car%C3%A1cter-de-instituci%C3%B3n-de-educaci%C3%B3n-superior-cat%C3%B3lica-en-la-formaci%C3%B3n-integral-de-personas-y-profesionales-que-respondan-a-los-nuevos-desaf%C3%ADos-de-la-sociedad-contempor%C3%A1nea\"><div class=\"qubely-block-heading  \"><div class=\"qubely-heading-container\"><h2 class=\"qubely-heading-selector\">La Fundaci\u00f3n Universitaria Cat\u00f3lica del Sur reconoce la gran responsabilidad en contribuir al Desarrollo Humano Integral Sostenible, por eso tiene como misi\u00f3n servir a la persona humana y a la comunidad, de manera especial en la regi\u00f3n del suroccidente colombiano, mediante la promoci\u00f3n de un humanismo abierto a la trascendencia y a sus valores, la construcci\u00f3n de la comunidad fraterna, la edificaci\u00f3n de una sociedad justa y solidaria, la b\u00fasqueda de la verdad por los caminos de la fe y la ciencia, la defensa permanente de la vida y el cuidado de la casa com\u00fan, para cooperar, desde su car\u00e1cter de Instituci\u00f3n de Educaci\u00f3n Superior Cat\u00f3lica, en la formaci\u00f3n integral de personas y profesionales que respondan a los nuevos desaf\u00edos de la sociedad contempor\u00e1nea.<\/h2><\/div><\/div><\/div>\n<\/div><\/div>\n<\/div><\/div><\/div>\n\n\n\n<div class=\"wp-block-qubely-text qubely-block-40672e\"><div class=\"qubely-block-text  \"><div class=\"qubely-block-text-title-container qubely-has-separator qubely-separator-position-top\"><div class=\"qubely-block-text-title-inner\"><div class=\"qubely-separator qubely-separator-before\"><span class=\"qubely-separator-type-css qubely-separator-solid\"><\/span><\/div><h2 class=\"qubely-block-text-title\">Conoce m\u00e1s sobre la Unicat\u00f3lica<\/h2><\/div><\/div><p><\/p><\/div><\/div>\n\n\n\n<div class=\"wp-block-qubely-row alignfull qubely-section qubely-block-70f3b5\"><div class=\"qubely-row-overlay\"><\/div><div class=\"qubely-container\"><div class=\"qubely-row \">\n<div class=\"wp-block-qubely-column qubely-column qubely-column-front qubely-block-a9957c\"><div class=\"qubely-column-inner\">\n<div class=\"wp-block-qubely-infobox qubely-block-b16cc9\"><div class=\"qubely-block-info-box  qubely-info-box-layout-1\"><div class=\"qubely-info-box-media qubely-media-has-bg\"><img decoding=\"async\" class=\"qubely-info-box-image\" src=\"https:\/\/www.unicatolicadelsur.edu.co\/catsur\/wp-content\/uploads\/2021\/08\/1.2.orientacioneducativa1.jpg\" srcset=\"\" alt=\"\"\/><\/div><div class=\"qubely-info-box-body\"><div class=\"qubely-info-box-title-container  qubely-separator-position-top\"><div class=\"qubely-info-box-title-inner\"><h2 class=\"qubely-info-box-title\">Informaci\u00f3n<br>Institucional<\/h2><\/div><\/div><div class=\"qubely-block-btn-wrapper\"><div class=\"qubely-block-btn\"><a class=\"qubely-block-btn-anchor is-medium\" href=\"https:\/\/www.unicatolicadelsur.edu.co\/catsur\/informacion-institucional-2\/\" target=\"_blank\" rel=\"noopener noreferrer\"><i class=\"qubely-btn-icon fas fa-chevron-circle-right\"><\/i>Ver m\u00e1s<\/a><\/div><\/div><\/div><\/div><\/div>\n<\/div><\/div>\n\n\n\n<div class=\"wp-block-qubely-column qubely-column qubely-column-front qubely-block-e812ee\"><div class=\"qubely-column-inner\">\n<div class=\"wp-block-qubely-infobox qubely-block-1367f9\"><div class=\"qubely-block-info-box  qubely-info-box-layout-1\"><div class=\"qubely-info-box-media qubely-media-has-bg\"><img decoding=\"async\" class=\"qubely-info-box-image\" src=\"https:\/\/www.unicatolicadelsur.edu.co\/catsur\/wp-content\/uploads\/2021\/09\/eGRESADOS.jpg\" srcset=\"\" alt=\"\"\/><\/div><div class=\"qubely-info-box-body\"><div class=\"qubely-info-box-title-container  qubely-separator-position-top\"><div class=\"qubely-info-box-title-inner\"><h2 class=\"qubely-info-box-title\">Documentos<br>Institucionales<\/h2><\/div><\/div><div class=\"qubely-block-btn-wrapper\"><div class=\"qubely-block-btn\"><a class=\"qubely-block-btn-anchor is-medium\" href=\"https:\/\/www.unicatolicadelsur.edu.co\/catsur\/documentos-institucionales\/\" target=\"_blank\" rel=\"noopener noreferrer\"><i class=\"qubely-btn-icon fas fa-chevron-circle-right\"><\/i>Ver m\u00e1s<\/a><\/div><\/div><\/div><\/div><\/div>\n<\/div><\/div>\n<\/div><\/div><\/div>\n","protected":false},"excerpt":{"rendered":"","protected":false},"author":1,"featured_media":0,"parent":0,"menu_order":0,"comment_status":"closed","ping_status":"closed","template":"","meta":{"qubely_global_settings":"","qubely_interactions":"","_uag_custom_page_level_css":"","_vp_format_video_url":"","_vp_image_focal_point":[],"footnotes":""},"class_list":["post-25","page","type-page","status-publish","hentry"],"uagb_featured_image_src":{"full":false,"thumbnail":false,"medium":false,"medium_large":false,"large":false,"1536x1536":false,"2048x2048":false,"qubely_landscape":false,"qubely_portrait":false,"qubely_thumbnail":false,"vp_sm":false,"vp_md":false,"vp_lg":false,"vp_xl":false,"vp_sm_popup":false,"vp_md_popup":false,"vp_xl_popup":false,"enlighten-slider-image":false,"enlighten-portfolio-image":false,"enlighten-service-image":false,"enlighten-service-image-2":false,"enlighten-testimonial-image":false,"enlighten-client-section":false,"enlighten-recent-news":false,"enlighten-recent-news-disable-twitter":false,"enlighten-footer-recent-news":false,"enlighten-single-page":false,"enlighten-coourse-image":false,"enlighten-event-image":false,"enlighten-blog-image":false,"enlighten-team-home":false,"enlighten-portfolio-grid":false,"enlighten-blog-list-post":false,"enlighten-event-schedule":false},"uagb_author_info":{"display_name":"unicat","author_link":"https:\/\/www.unicatolicadelsur.edu.co\/catsur\/author\/unicat\/"},"uagb_comment_info":0,"uagb_excerpt":null,"_links":{"self":[{"href":"https:\/\/www.unicatolicadelsur.edu.co\/catsur\/wp-json\/wp\/v2\/pages\/25","targetHints":{"allow":["GET"]}}],"collection":[{"href":"https:\/\/www.unicatolicadelsur.edu.co\/catsur\/wp-json\/wp\/v2\/pages"}],"about":[{"href":"https:\/\/www.unicatolicadelsur.edu.co\/catsur\/wp-json\/wp\/v2\/types\/page"}],"author":[{"embeddable":true,"href":"https:\/\/www.unicatolicadelsur.edu.co\/catsur\/wp-json\/wp\/v2\/users\/1"}],"replies":[{"embeddable":true,"href":"https:\/\/www.unicatolicadelsur.edu.co\/catsur\/wp-json\/wp\/v2\/comments?post=25"}],"version-history":[{"count":0,"href":"https:\/\/www.unicatolicadelsur.edu.co\/catsur\/wp-json\/wp\/v2\/pages\/25\/revisions"}],"wp:attachment":[{"href":"https:\/\/www.unicatolicadelsur.edu.co\/catsur\/wp-json\/wp\/v2\/media?parent=25"}],"curies":[{"name":"wp","href":"https:\/\/api.w.org\/{rel}","templated":true}]}}