{"id":2054,"date":"2021-08-31T18:33:08","date_gmt":"2021-08-31T23:33:08","guid":{"rendered":"https:\/\/www.unicatolicadelsur.edu.co\/catsur\/?page_id=2054"},"modified":"2025-02-25T16:12:42","modified_gmt":"2025-02-25T21:12:42","slug":"profesores","status":"publish","type":"page","link":"https:\/\/www.unicatolicadelsur.edu.co\/catsur\/profesores\/","title":{"rendered":"Profesores"},"content":{"rendered":"\n<div class=\"wp-block-qubely-row alignfull qubely-section qubely-block-311b63\"><div class=\"qubely-row-overlay\"><\/div><div class=\"qubely-container\"><div class=\"qubely-row \">\n<div class=\"wp-block-qubely-column qubely-column qubely-column-front qubely-block-712343\"><div class=\"qubely-column-inner\"><\/div><\/div>\n<\/div><\/div><\/div>\n\n\n\n<div class=\"wp-block-qubely-row alignfull qubely-section qubely-block-a13946\"><div class=\"qubely-row-overlay\"><\/div><div class=\"qubely-container\"><div class=\"qubely-row \">\n<div class=\"wp-block-qubely-column qubely-column qubely-column-front qubely-block-b24dc2\"><div class=\"qubely-column-inner\">\n<div class=\"wp-block-uagb-advanced-heading uagb-block-a8569feb\"><h2 class=\"uagb-heading-text\">Quienes nos representan<\/h2><\/div>\n<\/div><\/div>\n<\/div><\/div><\/div>\n\n\n\n<div class=\"wp-block-qubely-row qubely-section qubely-block-ea8880\"><div class=\"qubely-row-overlay\"><\/div><div class=\"qubely-container\"><div class=\"qubely-row \">\n<div class=\"wp-block-qubely-column qubely-column qubely-column-front qubely-block-e41eec\"><div class=\"qubely-column-inner\">\n<div class=\"wp-block-qubely-row qubely-section qubely-block-89a87e\"><div class=\"qubely-row-overlay\"><\/div><div class=\"qubely-container\"><div class=\"qubely-row \">\n<div class=\"wp-block-qubely-column qubely-column qubely-column-front qubely-block-98b8ae\"><div class=\"qubely-column-inner\">\n<div class=\"wp-block-qubely-team qubely-block-ea4ff9\"><div class=\"qubely-block-team  qubely-team-layout-1\"><div class=\"qubely-team-image-wrapper\"><img decoding=\"async\" class=\"qubely-team-image\" src=\"https:\/\/www.unicatolicadelsur.edu.co\/catsur\/wp-content\/uploads\/2024\/02\/candidatos-pagina-web_Mesa-de-trabajo-1-copia-5.png\" srcset=\"\" alt=\"Mar\u00eda Camila Hormaza Ortega\u00a0\"\/><\/div><div class=\"qubely-team-content\"><div class=\"qubely-team-content-inner\"><span class=\"qubely-team-name\">Mar\u00eda Camila Hormaza Ortega\u00a0<\/span><div class=\"qubely-team-designation-container\"><span class=\"qubely-team-designation\">Comit\u00e9 Curricular de ENFERMER\u00cdA<\/span><\/div><\/div><\/div><\/div><\/div>\n<\/div><\/div>\n<\/div><\/div><\/div>\n<\/div><\/div>\n\n\n\n<div class=\"wp-block-qubely-column qubely-column qubely-column-front qubely-block-2ae315\"><div class=\"qubely-column-inner\">\n<div class=\"wp-block-qubely-row qubely-section qubely-block-d717bf\"><div class=\"qubely-row-overlay\"><\/div><div class=\"qubely-container\"><div class=\"qubely-row \">\n<div class=\"wp-block-qubely-column qubely-column qubely-column-front qubely-block-07462f\"><div class=\"qubely-column-inner\">\n<div class=\"wp-block-qubely-team qubely-block-a10667\"><div class=\"qubely-block-team  qubely-team-layout-1\"><div class=\"qubely-team-image-wrapper\"><img decoding=\"async\" class=\"qubely-team-image\" src=\"https:\/\/www.unicatolicadelsur.edu.co\/catsur\/wp-content\/uploads\/2024\/02\/fotos-circular_profe-Os.png\" srcset=\"\" alt=\"Oswaldo Fab\u00edan Sotto Pab\u00f3n\"\/><\/div><div class=\"qubely-team-content\"><div class=\"qubely-team-content-inner\"><span class=\"qubely-team-name\">Oswaldo Fab\u00edan Sotto Pab\u00f3n<\/span><div class=\"qubely-team-designation-container\"><span class=\"qubely-team-designation\">Comit\u00e9 Curricular de ADMINISTRACI\u00d3N DE SERVICIOS DE SALUD<\/span><\/div><\/div><\/div><\/div><\/div>\n<\/div><\/div>\n<\/div><\/div><\/div>\n<\/div><\/div>\n<\/div><\/div><\/div>\n\n\n\n<div class=\"wp-block-qubely-row alignwide qubely-section qubely-block-293a15\"><div class=\"qubely-row-overlay\"><\/div><div class=\"qubely-container-fluid\"><div class=\"qubely-row \">\n<div class=\"wp-block-qubely-column qubely-column qubely-column-front qubely-block-7b01ec\"><div class=\"qubely-column-inner\">\n<div class=\"wp-block-qubely-text qubely-block-aa3697\"><div class=\"qubely-block-text  \"><div class=\"qubely-block-text-title-container qubely-has-separator qubely-separator-position-top\"><div class=\"qubely-block-text-title-inner\"><div class=\"qubely-separator qubely-separator-before\"><span class=\"qubely-separator-type-css qubely-separator-solid\"><\/span><\/div><h2 class=\"qubely-block-text-title\">Preguntas Frecuentes<\/h2><\/div><\/div><p><\/p><\/div><\/div>\n<\/div><\/div>\n<\/div><\/div><\/div>\n\n\n\n<div class=\"aligncenter qubely-block-accordion  qubely-block-f2c866\" data-item-toggle=\"false\">\n<div class=\"wp-block-qubely-accordion-item qubely-block-d050bc\"><div class=\"qubely-accordion-item qubely-type-fill false\"><div class=\"qubely-accordion-panel qubely-icon-position-right\"><span class=\"qubely-accordion-panel-handler\" role=\"button\"><span class=\"qubely-accordion-panel-handler-label\">\u00bfCu\u00e1les son mis deberes y derechos como profesor?<\/span><span class=\"qubely-accordion-icon fa fa-plus\"><\/span><\/span><\/div><div class=\"qubely-accordion-body\"><div itemprop=\"text\">\n<div class=\"wp-block-uagb-call-to-action uagb-block-861e03cf wp-block-button uagb-cta__outer-wrap\"><div class=\"uagb-cta__wrap\"><h3 class=\"uagb-cta__title\">Encuentra toda la informaci\u00f3n en el reglamento Docente<br>haciendo clic en el bot\u00f3n<\/h3><\/div><div class=\"uagb-cta__buttons\"><a href=\"https:\/\/www.unicatolicadelsur.edu.co\/catsur\/wp-content\/uploads\/Reglamentos\/Acuerdo-No.-006-Reglamento-profesoral-aprobado-1.pdf\" class=\"uagb-cta__button-link-wrapper wp-block-button__link\" target=\"_blank\" rel=\"noopener noreferrer\"><svg xmlns=\"https:\/\/www.w3.org\/2000\/svg\" viewBox=\"0 0 512 512\"><path d=\"M480 352h-133.5l-45.25 45.25C289.2 409.3 273.1 416 256 416s-33.16-6.656-45.25-18.75L165.5 352H32c-17.67 0-32 14.33-32 32v96c0 17.67 14.33 32 32 32h448c17.67 0 32-14.33 32-32v-96C512 366.3 497.7 352 480 352zM432 456c-13.2 0-24-10.8-24-24c0-13.2 10.8-24 24-24s24 10.8 24 24C456 445.2 445.2 456 432 456zM233.4 374.6C239.6 380.9 247.8 384 256 384s16.38-3.125 22.62-9.375l128-128c12.49-12.5 12.49-32.75 0-45.25c-12.5-12.5-32.76-12.5-45.25 0L288 274.8V32c0-17.67-14.33-32-32-32C238.3 0 224 14.33 224 32v242.8L150.6 201.4c-12.49-12.5-32.75-12.5-45.25 0c-12.49 12.5-12.49 32.75 0 45.25L233.4 374.6z\"><\/path><\/svg><\/a><\/div><\/div>\n\n\n\n<p><\/p>\n<\/div><\/div><\/div><\/div>\n\n\n\n<div class=\"wp-block-qubely-accordion-item qubely-block-e60f5c\"><div class=\"qubely-accordion-item qubely-type-fill false\"><div class=\"qubely-accordion-panel qubely-icon-position-right\"><span class=\"qubely-accordion-panel-handler\" role=\"button\"><span class=\"qubely-accordion-panel-handler-label\">\u00bfC\u00f3mo debo elaborar mi Sylabus?<\/span><span class=\"qubely-accordion-icon fa fa-plus\"><\/span><\/span><\/div><div class=\"qubely-accordion-body\"><div itemprop=\"text\">\n<div class=\"wp-block-uagb-call-to-action uagb-block-62cc2ada wp-block-button uagb-cta__outer-wrap\"><div class=\"uagb-cta__wrap\"><h3 class=\"uagb-cta__title\">Encuentra toda la informaci\u00f3n sobre la elaboraci\u00f3n del silabo<br>haciendo clic en el bot\u00f3n<\/h3><\/div><div class=\"uagb-cta__buttons\"><a href=\"https:\/\/www.unicatolicadelsur.edu.co\/catsur\/wp-content\/uploads\/Documentos\/Lineamientos-para-el-Silabo.pdf\" class=\"uagb-cta__button-link-wrapper wp-block-button__link\" target=\"_blank\" rel=\"noopener noreferrer\"><svg xmlns=\"https:\/\/www.w3.org\/2000\/svg\" viewBox=\"0 0 512 512\"><path d=\"M480 352h-133.5l-45.25 45.25C289.2 409.3 273.1 416 256 416s-33.16-6.656-45.25-18.75L165.5 352H32c-17.67 0-32 14.33-32 32v96c0 17.67 14.33 32 32 32h448c17.67 0 32-14.33 32-32v-96C512 366.3 497.7 352 480 352zM432 456c-13.2 0-24-10.8-24-24c0-13.2 10.8-24 24-24s24 10.8 24 24C456 445.2 445.2 456 432 456zM233.4 374.6C239.6 380.9 247.8 384 256 384s16.38-3.125 22.62-9.375l128-128c12.49-12.5 12.49-32.75 0-45.25c-12.5-12.5-32.76-12.5-45.25 0L288 274.8V32c0-17.67-14.33-32-32-32C238.3 0 224 14.33 224 32v242.8L150.6 201.4c-12.49-12.5-32.75-12.5-45.25 0c-12.49 12.5-12.49 32.75 0 45.25L233.4 374.6z\"><\/path><\/svg><\/a><\/div><\/div>\n<\/div><\/div><\/div><\/div>\n\n\n\n<div class=\"wp-block-qubely-accordion-item qubely-block-270678\"><div class=\"qubely-accordion-item qubely-type-fill false\"><div class=\"qubely-accordion-panel qubely-icon-position-right\"><span class=\"qubely-accordion-panel-handler\" role=\"button\"><span class=\"qubely-accordion-panel-handler-label\">\u00bfC\u00f3mo puedo realizar mi valoraci\u00f3n docente?<\/span><span class=\"qubely-accordion-icon fa fa-plus\"><\/span><\/span><\/div><div class=\"qubely-accordion-body\"><div itemprop=\"text\">\n<div class=\"wp-block-uagb-call-to-action uagb-block-ddceb057 wp-block-button uagb-cta__outer-wrap\"><div class=\"uagb-cta__wrap\"><h3 class=\"uagb-cta__title\">Para realizar la valoraci\u00f3n docente se debe ingresar al sistema ICTUS con el usuario y contrase\u00f1a, dirigirse al bot\u00f3n de registrar y escoger autovaloraci\u00f3n. Para acceder al sistema haga clic en el bot\u00f3n<\/h3><\/div><div class=\"uagb-cta__buttons\"><a href=\"https:\/\/unicatolicadelsur.edu.co\/app\" class=\"uagb-cta__button-link-wrapper wp-block-button__link\" target=\"_blank\" rel=\"noopener noreferrer\"><svg xmlns=\"https:\/\/www.w3.org\/2000\/svg\" viewBox=\"0 0 512 512\"><path d=\"M480 352h-133.5l-45.25 45.25C289.2 409.3 273.1 416 256 416s-33.16-6.656-45.25-18.75L165.5 352H32c-17.67 0-32 14.33-32 32v96c0 17.67 14.33 32 32 32h448c17.67 0 32-14.33 32-32v-96C512 366.3 497.7 352 480 352zM432 456c-13.2 0-24-10.8-24-24c0-13.2 10.8-24 24-24s24 10.8 24 24C456 445.2 445.2 456 432 456zM233.4 374.6C239.6 380.9 247.8 384 256 384s16.38-3.125 22.62-9.375l128-128c12.49-12.5 12.49-32.75 0-45.25c-12.5-12.5-32.76-12.5-45.25 0L288 274.8V32c0-17.67-14.33-32-32-32C238.3 0 224 14.33 224 32v242.8L150.6 201.4c-12.49-12.5-32.75-12.5-45.25 0c-12.49 12.5-12.49 32.75 0 45.25L233.4 374.6z\"><\/path><\/svg><\/a><\/div><\/div>\n<\/div><\/div><\/div><\/div>\n\n\n\n<div class=\"wp-block-qubely-accordion-item qubely-block-f83508\"><div class=\"qubely-accordion-item qubely-type-fill false\"><div class=\"qubely-accordion-panel qubely-icon-position-right\"><span class=\"qubely-accordion-panel-handler\" role=\"button\"><span class=\"qubely-accordion-panel-handler-label\">\u00bfCu\u00e1les son los formatos que debo tener en cuenta para solicitud de aulas y recursos tecnol\u00f3gicos?<\/span><span class=\"qubely-accordion-icon fa fa-plus\"><\/span><\/span><\/div><div class=\"qubely-accordion-body\"><div itemprop=\"text\">\n<div class=\"wp-block-uagb-call-to-action uagb-block-da7e3d2d wp-block-button uagb-cta__outer-wrap\"><div class=\"uagb-cta__wrap\"><h3 class=\"uagb-cta__title\">Encuentra toda la informaci\u00f3n sobre los formatos ingresando al aula con el usuario y contrase\u00f1a de documentaci\u00f3n (Haga clic en el bot\u00f3n para acceder)<\/h3><\/div><div class=\"uagb-cta__buttons\"><a href=\"http:\/\/virtual.unicatolicadelsur.edu.co\/\" class=\"uagb-cta__button-link-wrapper wp-block-button__link\" target=\"_blank\" rel=\"noopener noreferrer\"><svg xmlns=\"https:\/\/www.w3.org\/2000\/svg\" viewBox=\"0 0 320 512\"><path d=\"M318.4 304.5c-3.531 9.344-12.47 15.52-22.45 15.52h-105l45.15 94.82c9.496 19.94 1.031 43.8-18.91 53.31c-19.95 9.504-43.82 1.035-53.32-18.91L117.3 351.3l-75 88.25c-4.641 5.469-11.37 8.453-18.28 8.453c-2.781 0-5.578-.4844-8.281-1.469C6.281 443.1 0 434.1 0 423.1V56.02c0-9.438 5.531-18.03 14.12-21.91C22.75 30.26 32.83 31.77 39.87 37.99l271.1 240C319.4 284.6 321.1 295.1 318.4 304.5z\"><\/path><\/svg><\/a><\/div><\/div>\n<\/div><\/div><\/div><\/div>\n\n\n\n<div class=\"wp-block-qubely-accordion-item qubely-block-a1979b\"><div class=\"qubely-accordion-item qubely-type-fill false\"><div class=\"qubely-accordion-panel qubely-icon-position-right\"><span class=\"qubely-accordion-panel-handler\" role=\"button\"><span class=\"qubely-accordion-panel-handler-label\">\u00bfD\u00f3nde encuentro el Plan Estrat\u00e9gico de Cualificaci\u00f3n Docente?<\/span><span class=\"qubely-accordion-icon fa fa-plus\"><\/span><\/span><\/div><div class=\"qubely-accordion-body\"><div itemprop=\"text\">\n<div class=\"wp-block-uagb-call-to-action uagb-block-1e23c0c1 wp-block-button uagb-cta__outer-wrap\"><div class=\"uagb-cta__wrap\"><h3 class=\"uagb-cta__title\">Encuentra toda la informaci\u00f3n sobre el Plan Estrat\u00e9gico de Cualificaci\u00f3n Docente<br>haciendo clic en el bot\u00f3n<\/h3><\/div><div class=\"uagb-cta__buttons\"><a href=\"https:\/\/www.unicatolicadelsur.edu.co\/catsur\/wp-content\/uploads\/Documentos\/Anexo-57.-PlanEstrategicoCualificacionDocente.pdf\" class=\"uagb-cta__button-link-wrapper wp-block-button__link\" target=\"_blank\" rel=\"noopener noreferrer\"><svg xmlns=\"https:\/\/www.w3.org\/2000\/svg\" viewBox=\"0 0 512 512\"><path d=\"M480 352h-133.5l-45.25 45.25C289.2 409.3 273.1 416 256 416s-33.16-6.656-45.25-18.75L165.5 352H32c-17.67 0-32 14.33-32 32v96c0 17.67 14.33 32 32 32h448c17.67 0 32-14.33 32-32v-96C512 366.3 497.7 352 480 352zM432 456c-13.2 0-24-10.8-24-24c0-13.2 10.8-24 24-24s24 10.8 24 24C456 445.2 445.2 456 432 456zM233.4 374.6C239.6 380.9 247.8 384 256 384s16.38-3.125 22.62-9.375l128-128c12.49-12.5 12.49-32.75 0-45.25c-12.5-12.5-32.76-12.5-45.25 0L288 274.8V32c0-17.67-14.33-32-32-32C238.3 0 224 14.33 224 32v242.8L150.6 201.4c-12.49-12.5-32.75-12.5-45.25 0c-12.49 12.5-12.49 32.75 0 45.25L233.4 374.6z\"><\/path><\/svg><\/a><\/div><\/div>\n<\/div><\/div><\/div><\/div>\n\n\n\n<div class=\"wp-block-qubely-accordion-item qubely-block-6f02a0\"><div class=\"qubely-accordion-item qubely-type-fill false\"><div class=\"qubely-accordion-panel qubely-icon-position-right\"><span class=\"qubely-accordion-panel-handler\" role=\"button\"><span class=\"qubely-accordion-panel-handler-label\">\u00bfQu\u00e9 necesito saber como trabajador de la Unicat\u00f3lica del Sur?<\/span><span class=\"qubely-accordion-icon fa fa-plus\"><\/span><\/span><\/div><div class=\"qubely-accordion-body\"><div itemprop=\"text\">\n<div class=\"wp-block-uagb-call-to-action uagb-block-9156ada0 wp-block-button uagb-cta__outer-wrap\"><div class=\"uagb-cta__wrap\"><h3 class=\"uagb-cta__title\">Encuentra toda la informaci\u00f3n en la pol\u00edtica de Talento Humano<br>haciendo clic en el bot\u00f3n<\/h3><\/div><div class=\"uagb-cta__buttons\"><a href=\"https:\/\/www.unicatolicadelsur.edu.co\/catsur\/wp-content\/uploads\/Documentos\/Politica-de-talento-humano.pdf\" class=\"uagb-cta__button-link-wrapper wp-block-button__link\" target=\"_blank\" rel=\"noopener noreferrer\"><svg xmlns=\"https:\/\/www.w3.org\/2000\/svg\" viewBox=\"0 0 512 512\"><path d=\"M480 352h-133.5l-45.25 45.25C289.2 409.3 273.1 416 256 416s-33.16-6.656-45.25-18.75L165.5 352H32c-17.67 0-32 14.33-32 32v96c0 17.67 14.33 32 32 32h448c17.67 0 32-14.33 32-32v-96C512 366.3 497.7 352 480 352zM432 456c-13.2 0-24-10.8-24-24c0-13.2 10.8-24 24-24s24 10.8 24 24C456 445.2 445.2 456 432 456zM233.4 374.6C239.6 380.9 247.8 384 256 384s16.38-3.125 22.62-9.375l128-128c12.49-12.5 12.49-32.75 0-45.25c-12.5-12.5-32.76-12.5-45.25 0L288 274.8V32c0-17.67-14.33-32-32-32C238.3 0 224 14.33 224 32v242.8L150.6 201.4c-12.49-12.5-32.75-12.5-45.25 0c-12.49 12.5-12.49 32.75 0 45.25L233.4 374.6z\"><\/path><\/svg><\/a><\/div><\/div>\n<\/div><\/div><\/div><\/div>\n<\/div>\n","protected":false},"excerpt":{"rendered":"","protected":false},"author":1,"featured_media":0,"parent":0,"menu_order":0,"comment_status":"closed","ping_status":"closed","template":"","meta":{"qubely_global_settings":"","qubely_interactions":"","_uag_custom_page_level_css":"","_vp_format_video_url":"","_vp_image_focal_point":[],"footnotes":""},"class_list":["post-2054","page","type-page","status-publish","hentry"],"uagb_featured_image_src":{"full":false,"thumbnail":false,"medium":false,"medium_large":false,"large":false,"1536x1536":false,"2048x2048":false,"qubely_landscape":false,"qubely_portrait":false,"qubely_thumbnail":false,"vp_sm":false,"vp_md":false,"vp_lg":false,"vp_xl":false,"vp_sm_popup":false,"vp_md_popup":false,"vp_xl_popup":false,"enlighten-slider-image":false,"enlighten-portfolio-image":false,"enlighten-service-image":false,"enlighten-service-image-2":false,"enlighten-testimonial-image":false,"enlighten-client-section":false,"enlighten-recent-news":false,"enlighten-recent-news-disable-twitter":false,"enlighten-footer-recent-news":false,"enlighten-single-page":false,"enlighten-coourse-image":false,"enlighten-event-image":false,"enlighten-blog-image":false,"enlighten-team-home":false,"enlighten-portfolio-grid":false,"enlighten-blog-list-post":false,"enlighten-event-schedule":false},"uagb_author_info":{"display_name":"unicat","author_link":"https:\/\/www.unicatolicadelsur.edu.co\/catsur\/author\/unicat\/"},"uagb_comment_info":0,"uagb_excerpt":null,"_links":{"self":[{"href":"https:\/\/www.unicatolicadelsur.edu.co\/catsur\/wp-json\/wp\/v2\/pages\/2054","targetHints":{"allow":["GET"]}}],"collection":[{"href":"https:\/\/www.unicatolicadelsur.edu.co\/catsur\/wp-json\/wp\/v2\/pages"}],"about":[{"href":"https:\/\/www.unicatolicadelsur.edu.co\/catsur\/wp-json\/wp\/v2\/types\/page"}],"author":[{"embeddable":true,"href":"https:\/\/www.unicatolicadelsur.edu.co\/catsur\/wp-json\/wp\/v2\/users\/1"}],"replies":[{"embeddable":true,"href":"https:\/\/www.unicatolicadelsur.edu.co\/catsur\/wp-json\/wp\/v2\/comments?post=2054"}],"version-history":[{"count":0,"href":"https:\/\/www.unicatolicadelsur.edu.co\/catsur\/wp-json\/wp\/v2\/pages\/2054\/revisions"}],"wp:attachment":[{"href":"https:\/\/www.unicatolicadelsur.edu.co\/catsur\/wp-json\/wp\/v2\/media?parent=2054"}],"curies":[{"name":"wp","href":"https:\/\/api.w.org\/{rel}","templated":true}]}}