{"id":2050,"date":"2021-08-31T18:28:03","date_gmt":"2021-08-31T23:28:03","guid":{"rendered":"https:\/\/www.unicatolicadelsur.edu.co\/catsur\/?page_id=2050"},"modified":"2026-02-23T08:46:31","modified_gmt":"2026-02-23T13:46:31","slug":"estudiantes","status":"publish","type":"page","link":"https:\/\/www.unicatolicadelsur.edu.co\/catsur\/estudiantes\/","title":{"rendered":"Estudiantes"},"content":{"rendered":"\n<div class=\"wp-block-qubely-row alignfull qubely-section qubely-block-894267\"><div class=\"qubely-row-overlay\"><\/div><div class=\"qubely-container\"><div class=\"qubely-row \">\n<div class=\"wp-block-qubely-column qubely-column qubely-column-front qubely-block-7f0645\"><div class=\"qubely-column-inner\"><\/div><\/div>\n<\/div><\/div><\/div>\n\n\n\n<div class=\"wp-block-qubely-row alignfull qubely-section qubely-block-45f645\"><div class=\"qubely-row-overlay\"><\/div><div class=\"qubely-container\"><div class=\"qubely-row \">\n<div class=\"wp-block-qubely-column qubely-column qubely-column-front qubely-block-7bad8d\"><div class=\"qubely-column-inner\">\n<div class=\"wp-block-qubely-text qubely-block-d22497\"><div class=\"qubely-block-text  \"><div class=\"qubely-block-text-title-container  qubely-separator-position-top\"><div class=\"qubely-block-text-title-inner\"><h2 class=\"qubely-block-text-title\">Quienes nos representan<\/h2><\/div><\/div><p><\/p><\/div><\/div>\n\n\n\n<p><\/p>\n<\/div><\/div>\n<\/div><\/div><\/div>\n\n\n\n<div class=\"wp-block-qubely-row alignfull qubely-section qubely-block-7887ca\"><div class=\"qubely-row-overlay\"><\/div><div class=\"qubely-container\"><div class=\"qubely-row \">\n<div class=\"wp-block-qubely-column qubely-column qubely-column-front qubely-block-5997e0\"><div class=\"qubely-column-inner\">\n<div class=\"wp-block-columns are-vertically-aligned-center has-background is-layout-flex wp-container-core-columns-is-layout-9d6595d7 wp-block-columns-is-layout-flex\" style=\"background-color:#166838\">\n<div class=\"wp-block-column is-vertically-aligned-center is-layout-flow wp-block-column-is-layout-flow\">\n<div class=\"wp-block-qubely-team qubely-block-156be1\"><div class=\"qubely-block-team  qubely-team-layout-1\"><div class=\"qubely-team-image-wrapper\"><img decoding=\"async\" class=\"qubely-team-image\" src=\"https:\/\/www.unicatolicadelsur.edu.co\/catsur\/wp-content\/uploads\/2024\/02\/candidatos-pagina-web_Mesa-de-trabajo-1.png\" srcset=\"\" alt=\"Leandro Daniel Arcos Quelal\"\/><\/div><div class=\"qubely-team-content\"><div class=\"qubely-team-content-inner\"><span class=\"qubely-team-name\">Leandro Daniel Arcos Quelal<\/span><div class=\"qubely-team-designation-container\"><span class=\"qubely-team-designation\">Representante Consejo Acad\u00e9mico<\/span><\/div><\/div><\/div><\/div><\/div>\n<\/div>\n\n\n\n<div class=\"wp-block-column is-vertically-aligned-center is-layout-flow wp-block-column-is-layout-flow\">\n<div class=\"wp-block-qubely-team qubely-block-c06b29\"><div class=\"qubely-block-team  qubely-team-layout-1\"><div class=\"qubely-team-image-wrapper\"><img decoding=\"async\" class=\"qubely-team-image\" src=\"https:\/\/www.unicatolicadelsur.edu.co\/catsur\/wp-content\/uploads\/2024\/02\/candidatos-pagina-web_Mesa-de-trabajo-1-copia.png\" srcset=\"\" alt=\" Martha Sof\u00eda \u00d1a\u00f1ez\u00a0Benavides\u00a0\"\/><\/div><div class=\"qubely-team-content\"><div class=\"qubely-team-content-inner\"><span class=\"qubely-team-name\"> Martha Sof\u00eda \u00d1a\u00f1ez\u00a0Benavides\u00a0<\/span><div class=\"qubely-team-designation-container\"><span class=\"qubely-team-designation\">Representante Comit\u00e9 Curricular de Administraci\u00f3n de Servicios de Salud<\/span><\/div><\/div><\/div><\/div><\/div>\n<\/div>\n\n\n\n<div class=\"wp-block-column is-vertically-aligned-center is-layout-flow wp-block-column-is-layout-flow\">\n<div class=\"wp-block-qubely-team qubely-block-522058\"><div class=\"qubely-block-team  qubely-team-layout-1\"><div class=\"qubely-team-image-wrapper\"><img decoding=\"async\" class=\"qubely-team-image\" src=\"https:\/\/www.unicatolicadelsur.edu.co\/catsur\/wp-content\/uploads\/2024\/02\/candidatos-pagina-web_Mesa-de-trabajo-1-copia-2.png\" srcset=\"\" alt=\"Jesus Giovanny Montilla Andrade\"\/><\/div><div class=\"qubely-team-content\"><div class=\"qubely-team-content-inner\"><span class=\"qubely-team-name\">Jesus Giovanny Montilla Andrade<\/span><div class=\"qubely-team-designation-container\"><span class=\"qubely-team-designation\">Representante Comit\u00e9 Curricular y de Investigaciones Programa de Enfermer\u00eda<\/span><\/div><\/div><\/div><\/div><\/div>\n<\/div>\n\n\n\n<div class=\"wp-block-column is-vertically-aligned-center is-layout-flow wp-block-column-is-layout-flow\">\n<div class=\"wp-block-qubely-team qubely-block-459518\"><div class=\"qubely-block-team  qubely-team-layout-1\"><div class=\"qubely-team-image-wrapper\"><img decoding=\"async\" class=\"qubely-team-image\" src=\"https:\/\/www.unicatolicadelsur.edu.co\/catsur\/wp-content\/uploads\/2024\/02\/candidatos-pagina-web_Mesa-de-trabajo-1-copia-7_Mesa-de-trabajo-1-copia-7.png\" srcset=\"\" alt=\"Karol Elizabeth Minayo Qui\u00f1ones\u00a0\"\/><\/div><div class=\"qubely-team-content\"><div class=\"qubely-team-content-inner\"><span class=\"qubely-team-name\">Karol Elizabeth Minayo Qui\u00f1ones\u00a0<\/span><div class=\"qubely-team-designation-container\"><span class=\"qubely-team-designation\">Representante de Egresados CONSEJO ACAD\u00c9MICO<\/span><\/div><\/div><\/div><\/div><\/div>\n<\/div>\n\n\n\n<div class=\"wp-block-column is-vertically-aligned-center is-layout-flow wp-block-column-is-layout-flow\">\n<div class=\"wp-block-qubely-team qubely-block-d887b7\"><div class=\"qubely-block-team  qubely-team-layout-1\"><div class=\"qubely-team-image-wrapper\"><img decoding=\"async\" class=\"qubely-team-image\" src=\"https:\/\/www.unicatolicadelsur.edu.co\/catsur\/wp-content\/uploads\/2024\/02\/candidatos-pagina-web_Mesa-de-trabajo-1-copia-3.png\" srcset=\"\" alt=\"Edisson David L\u00f3pez Cisneros\"\/><\/div><div class=\"qubely-team-content\"><div class=\"qubely-team-content-inner\"><span class=\"qubely-team-name\">Edisson David L\u00f3pez Cisneros<\/span><div class=\"qubely-team-designation-container\"><span class=\"qubely-team-designation\">Representante Comit\u00e9 de Investigaciones<\/span><\/div><\/div><\/div><\/div><\/div>\n<\/div>\n<\/div>\n<\/div><\/div>\n<\/div><\/div><\/div>\n\n\n\n<div class=\"wp-block-qubely-row alignfull qubely-section qubely-block-c861ba\"><div class=\"qubely-row-overlay\"><\/div><div class=\"qubely-container\"><div class=\"qubely-row \">\n<div class=\"wp-block-qubely-column qubely-column qubely-column-front qubely-block-8c91c7\"><div class=\"qubely-column-inner\">\n<div class=\"wp-block-qubely-text qubely-block-a1bc25\"><div class=\"qubely-block-text  \"><div class=\"qubely-block-text-title-container  qubely-separator-position-top\"><div class=\"qubely-block-text-title-inner\"><h2 class=\"qubely-block-text-title\">Perfiles estudiantes y egresados<br>Unicat\u00f3lica del Sur<\/h2><\/div><\/div><p><\/p><\/div><\/div>\n<\/div><\/div>\n<\/div><\/div><\/div>\n\n\n\n<div class=\"wp-block-qubely-row alignfull qubely-section qubely-block-5cea6d\"><div class=\"qubely-row-overlay\"><\/div><div class=\"qubely-container\"><div class=\"qubely-row \">\n<div class=\"wp-block-qubely-column qubely-column qubely-column-front qubely-block-948512\"><div class=\"qubely-column-inner\">\n<div class=\"qubely-block-accordion  qubely-block-57cec7\" data-item-toggle=\"true\">\n<div class=\"wp-block-qubely-accordion-item qubely-block-c7b31e\"><div class=\"qubely-accordion-item qubely-type-fill false\"><div class=\"qubely-accordion-panel qubely-icon-position-right\"><span class=\"qubely-accordion-panel-handler\" role=\"button\"><span class=\"qubely-accordion-panel-handler-label\">Perfil del Estudiante<\/span><span class=\"qubely-accordion-icon fa fa-plus-circle\"><\/span><\/span><\/div><div class=\"qubely-accordion-body\"><div itemprop=\"text\">\n<div class=\"wp-block-qubely-text qubely-block-c017b8\"><div class=\"qubely-block-text  \"><p><strong>El estudiante de la Fundaci\u00f3n Universitaria Cat\u00f3lica del Sur es un sujeto en formaci\u00f3n que se caracteriza por:<\/strong><br><br>\u2022 Fortalecer su formaci\u00f3n integral como persona humana en el legado de San Juan Pablo II.<br>\u2022 Su calidad humana, \u00e9tica, axiol\u00f3gica y sentido social.<br>\u2022 Ser el actor principal del proceso de aprendizaje.<br>\u2022 Poseer la capacidad de establecer relaciones respetuosas, maduras, solidarias con los dem\u00e1s que favorezcan el trabajo colaborativo en vista del logro de la misi\u00f3n institucional.<br>\u2022 Asumir el proceso de aprendizaje con responsabilidad y rigor acad\u00e9mico que garantice condiciones de \u00e9xito en su desempe\u00f1o.<br>\u2022 Valorar la diversidad como condici\u00f3n de una sociedad inclusiva, incluyente y global que contribuye a una sociedad m\u00e1s justa, solidaria y fraterna.<br>\u2022 Interesarse por el aprendizaje y fomento del idioma ingl\u00e9s y otras lenguas para la interacci\u00f3n con la sociedad del conocimiento y su formaci\u00f3n como ciudadanos del mundo.<br>\u2022 Su capacidad de indagaci\u00f3n, reflexi\u00f3n y acci\u00f3n de las situaciones, necesidades, problem\u00e1ticas y oportunidades del contexto en pro de la construcci\u00f3n del conocimiento y de la transformaci\u00f3n social, cultural, cient\u00edfica, ambiental y tecnol\u00f3gica de la sociedad.<br>\u2022 Usar las tecnolog\u00edas de la informaci\u00f3n y la comunicaci\u00f3n en la gesti\u00f3n del conocimiento.<br>\u2022 Promover la conservaci\u00f3n y el cuidado del medio ambiente.<br>\u2022 Fortalecer su esp\u00edritu cient\u00edfico, investigativo, innovador y emprendedor.<br>\u2022 Articular el conocimiento y realidad, a trav\u00e9s de su problematizaci\u00f3n, la reflexi\u00f3n cr\u00edtica y la interdisciplinariedad.<br>\u2022 Actualizarse permanentemente al reconocer la construcci\u00f3n hist\u00f3rica y social del conocimiento y su car\u00e1cter inacabado.<br>\u2022 Desarrollar pensamiento creativo e innovador que contribuya a la soluci\u00f3n de problemas de conocimiento aplicados a la realidad del entorno.<br>\u2022 Participar en las actividades de bienestar y pastoral de la instituci\u00f3n como aporte a la calidad.<\/p><\/div><\/div>\n<\/div><\/div><\/div><\/div>\n<\/div>\n<\/div><\/div>\n\n\n\n<div class=\"wp-block-qubely-column qubely-column qubely-column-front qubely-block-af9ec3\"><div class=\"qubely-column-inner\">\n<div class=\"qubely-block-accordion  qubely-block-5cd54e\" data-item-toggle=\"true\">\n<div class=\"wp-block-qubely-accordion-item qubely-block-609a93\"><div class=\"qubely-accordion-item qubely-type-fill false\"><div class=\"qubely-accordion-panel qubely-icon-position-right\"><span class=\"qubely-accordion-panel-handler\" role=\"button\"><span class=\"qubely-accordion-panel-handler-label\">Perfil del Egresado<\/span><span class=\"qubely-accordion-icon fa fa-plus-circle\"><\/span><\/span><\/div><div class=\"qubely-accordion-body\"><div itemprop=\"text\">\n<div class=\"wp-block-qubely-text qubely-block-95e3d0\"><div class=\"qubely-block-text  \"><p><strong>El egresado de la Unicat\u00f3lica del Sur es un ser humano que da cuenta de la formaci\u00f3n integral desarrollada desde las diferentes dimensiones, que despliega en libertad y responsabilidad su ser de persona humana, para ganar en dignidad desde el ejercicio de su profesi\u00f3n que permita la materializaci\u00f3n en su vida del sue\u00f1o de formaci\u00f3n de la Fundaci\u00f3n Universitaria Cat\u00f3lica del Sur, en este sentido, el egresado, al terminar su proceso formativo, comporta las siguientes caracter\u00edsticas:<\/strong><br><br>\u2022 Sentido humano y social, solidario, respetuoso, tolerante, con disposici\u00f3n para trabajar en grupo y establecer compromiso con responsabilidad, aut\u00f3nomo y aut\u00e9ntico en sus decisiones, con capacidad para adaptarse a los cambios.<br>\u2022 Sensibilidad, compromiso y responsabilidad social en su desempe\u00f1o profesional.<br>\u2022 Comunicaci\u00f3n asertiva en lengua materna y otras lenguas que le permitan trabajar en equipo y resolver conflictos y problemas a trav\u00e9s del pensamiento cr\u00edtico y creativo.<br>\u2022 Contribuci\u00f3n al desarrollo humano integral sostenible en su comunidad.<br>\u2022 Contribuci\u00f3n a la transformaci\u00f3n social y cultural y se constituye en referente de persona integral respetuosa de lo diverso y comprometida con la inclusi\u00f3n y la equidad.<br>\u2022 Demostrar en el campo laboral su formaci\u00f3n integral desarrollada desde la perspectiva human\u00edstica, cient\u00edfica y disciplinar.<br>\u2022 Orientar su ejercicio profesional con criterios \u00e9ticos, pol\u00edticos, ambientales y ecol\u00f3gicos para contribuir al bien com\u00fan.<br>\u2022 Aportar a la construcci\u00f3n de nueva ciudadan\u00eda que favorezca el sentido de participaci\u00f3n y corresponsabilidad.<br>\u2022 Demostrar capacidad para asumir retos y adaptarse a situaciones cambiantes.<br>\u2022 Asumir la responsabilidad en la toma de decisiones profesionales y personales.<br>\u2022 Comprender la necesidad de continuar su formaci\u00f3n y actualizaci\u00f3n a lo largo de la vida.<br>\u2022 Fomentar su esp\u00edritu cient\u00edfico, investigativo, innovador y emprendedor.<\/p><\/div><\/div>\n<\/div><\/div><\/div><\/div>\n<\/div>\n<\/div><\/div>\n<\/div><\/div><\/div>\n\n\n\n<div class=\"wp-block-qubely-row alignfull qubely-section qubely-block-26dba2\"><div class=\"qubely-row-overlay\"><\/div><div class=\"qubely-container\"><div class=\"qubely-row \">\n<div class=\"wp-block-qubely-column qubely-column qubely-column-front qubely-block-709b15\"><div class=\"qubely-column-inner\">\n<div class=\"wp-block-qubely-text qubely-block-cca8eb\"><div class=\"qubely-block-text  \"><div class=\"qubely-block-text-title-container qubely-has-separator qubely-separator-position-top\"><div class=\"qubely-block-text-title-inner\"><div class=\"qubely-separator qubely-separator-before\"><span class=\"qubely-separator-type-css qubely-separator-solid\"><\/span><\/div><h2 class=\"qubely-block-text-title\">Conoce m\u00e1s<\/h2><\/div><\/div><p><\/p><\/div><\/div>\n<\/div><\/div>\n<\/div><\/div><\/div>\n\n\n\n<div class=\"wp-block-qubely-row alignfull qubely-section qubely-block-b38fd1\"><div class=\"qubely-row-overlay\"><\/div><div class=\"qubely-container\"><div class=\"qubely-row \">\n<div class=\"wp-block-qubely-column qubely-column qubely-column-front qubely-block-fbe756\"><div class=\"qubely-column-inner\">\n<div class=\"wp-block-qubely-infobox qubely-block-6ccbb0\"><div class=\"qubely-block-info-box  qubely-info-box-layout-1\"><div class=\"qubely-info-box-media qubely-media-has-bg\"><img decoding=\"async\" class=\"qubely-info-box-image\" src=\"https:\/\/www.unicatolicadelsur.edu.co\/catsur\/wp-content\/uploads\/2021\/08\/1.2.promocionsocioafectiva2.jpg\" srcset=\"\" alt=\"\"\/><\/div><div class=\"qubely-info-box-body\"><div class=\"qubely-info-box-title-container qubely-has-separator qubely-separator-position-top\"><div class=\"qubely-info-box-title-inner\"><div class=\"qubely-separator qubely-separator-before\"><span class=\"qubely-separator-type-css qubely-separator-solid\"><\/span><\/div><h2 class=\"qubely-info-box-title\">Quiero ser estudiante<\/h2><\/div><\/div><div class=\"qubely-block-btn-wrapper\"><div class=\"qubely-block-btn\"><a class=\"qubely-block-btn-anchor is-medium\" href=\"https:\/\/www.unicatolicadelsur.edu.co\/catsur\/quiero-ser-estudiante\" target=\"_blank\" rel=\"noopener noreferrer\"><i class=\"qubely-btn-icon fas fa-chevron-circle-right\"><\/i>Ver m\u00e1s<\/a><\/div><\/div><\/div><\/div><\/div>\n<\/div><\/div>\n\n\n\n<div class=\"wp-block-qubely-column qubely-column qubely-column-front qubely-block-7010e2\"><div class=\"qubely-column-inner\">\n<div class=\"wp-block-qubely-infobox qubely-block-e7b76c\"><div class=\"qubely-block-info-box  qubely-info-box-layout-1\"><div class=\"qubely-info-box-media qubely-media-has-bg\"><img decoding=\"async\" class=\"qubely-info-box-image\" src=\"https:\/\/www.unicatolicadelsur.edu.co\/catsur\/wp-content\/uploads\/2021\/07\/20200220_090759-scaled.jpg\" srcset=\"\" alt=\"\"\/><\/div><div class=\"qubely-info-box-body\"><div class=\"qubely-info-box-title-container qubely-has-separator qubely-separator-position-top\"><div class=\"qubely-info-box-title-inner\"><div class=\"qubely-separator qubely-separator-before\"><span class=\"qubely-separator-type-css qubely-separator-solid\"><\/span><\/div><h2 class=\"qubely-info-box-title\">Soy estudiante<\/h2><\/div><\/div><div class=\"qubely-block-btn-wrapper\"><div class=\"qubely-block-btn\"><a class=\"qubely-block-btn-anchor is-medium\" href=\"https:\/\/www.unicatolicadelsur.edu.co\/catsur\/soy-estudiante\/\" target=\"_blank\" rel=\"noopener noreferrer\"><i class=\"qubely-btn-icon fas fa-chevron-circle-right\"><\/i>Ver m\u00e1s<\/a><\/div><\/div><\/div><\/div><\/div>\n<\/div><\/div>\n\n\n\n<div class=\"wp-block-qubely-column qubely-column qubely-column-front qubely-block-c19665\"><div class=\"qubely-column-inner\">\n<div class=\"wp-block-qubely-infobox qubely-block-f6e31e\"><div class=\"qubely-block-info-box  qubely-info-box-layout-1\"><div class=\"qubely-info-box-media qubely-media-has-bg\"><img decoding=\"async\" class=\"qubely-info-box-image\" src=\"https:\/\/www.unicatolicadelsur.edu.co\/catsur\/wp-content\/uploads\/2021\/08\/1.2.permanenciaygraduacione.jpg\" srcset=\"\" alt=\"\"\/><\/div><div class=\"qubely-info-box-body\"><div class=\"qubely-info-box-title-container qubely-has-separator qubely-separator-position-top\"><div class=\"qubely-info-box-title-inner\"><div class=\"qubely-separator qubely-separator-before\"><span class=\"qubely-separator-type-css qubely-separator-solid\"><\/span><\/div><h2 class=\"qubely-info-box-title\">Soy egresado<\/h2><\/div><\/div><div class=\"qubely-block-btn-wrapper\"><div class=\"qubely-block-btn\"><a class=\"qubely-block-btn-anchor is-medium\" href=\"https:\/\/www.unicatolicadelsur.edu.co\/catsur\/soy-egresado\/\" target=\"_blank\" rel=\"noopener noreferrer\"><i class=\"qubely-btn-icon fas fa-chevron-circle-right\"><\/i>Ver m\u00e1s<\/a><\/div><\/div><\/div><\/div><\/div>\n\n\n\n<p><\/p>\n<\/div><\/div>\n<\/div><\/div><\/div>\n\n\n\n<div class=\"wp-block-qubely-row alignfull qubely-section qubely-block-baf842\"><div class=\"qubely-row-overlay\"><\/div><div class=\"qubely-container\"><div class=\"qubely-row \">\n<div class=\"wp-block-qubely-column qubely-column qubely-column-front qubely-block-f6cf79\"><div class=\"qubely-column-inner\">\n<div class=\"wp-block-qubely-infobox qubely-block-cff0a2\"><div class=\"qubely-block-info-box  qubely-info-box-layout-1\"><div class=\"qubely-info-box-media qubely-media-has-bg\"><i class=\"qubely-info-box-icon fas fa-chalkboard-teacher\"><\/i><\/div><div class=\"qubely-info-box-body\"><div class=\"qubely-info-box-title-container  qubely-separator-position-top\"><div class=\"qubely-info-box-title-inner\"><h2 class=\"qubely-info-box-title\">Procedimientos<\/h2><\/div><\/div><div class=\"qubely-info-box-content\"><div class=\"qubely-info-box-text\"><\/div><\/div><\/div><\/div><\/div>\n<\/div><\/div>\n<\/div><\/div><\/div>\n\n\n\n<div class=\"wp-block-qubely-row aligncenter qubely-section qubely-block-048c50\"><div class=\"qubely-row-overlay\"><\/div><div class=\"qubely-container-fluid\"><div class=\"qubely-row \">\n<div class=\"wp-block-qubely-column qubely-column qubely-column-front qubely-block-b7a2c8\"><div class=\"qubely-column-inner\">\n<div class=\"wp-block-qubely-text qubely-block-544d2a\"><div class=\"qubely-block-text  \"><div class=\"qubely-block-text-title-container  qubely-separator-position-top\"><div class=\"qubely-block-text-title-inner\"><h2 class=\"qubely-block-text-title\">Conozca la gu\u00eda de procesos de gesti\u00f3n administrativos y acad\u00e9micos.<\/h2><\/div><\/div><p><\/p><\/div><\/div>\n<\/div><\/div>\n\n\n\n<div class=\"wp-block-qubely-column qubely-column qubely-column-front qubely-block-19a9c4\"><div class=\"qubely-column-inner\">\n<div class=\"wp-block-qubely-button qubely-block-651638\"><div class=\"qubely-block-btn-wrapper \"><div class=\"qubely-block-btn\"><a class=\"qubely-block-btn-anchor is-large\" href=\"https:\/\/www.unicatolicadelsur.edu.co\/catsur\/wp-content\/uploads\/Documentos\/G-GFM001-Guia-procesos-administrativos-y-academicos.pdf\">Ver gu\u00eda de procesos\u00a0<i class=\"qubely-btn-icon far fa-hand-point-right\"><\/i><\/a><\/div><\/div><\/div>\n<\/div><\/div>\n<\/div><\/div><\/div>\n\n\n\n<div class=\"wp-block-qubely-row qubely-section qubely-block-60ea2a\"><div class=\"qubely-row-overlay\"><\/div><div class=\"qubely-container\"><div class=\"qubely-row \">\n<div class=\"wp-block-qubely-column qubely-column qubely-column-front qubely-block-62ef24\"><div class=\"qubely-column-inner\">\n<div class=\"wp-block-qubely-text qubely-block-bcd3b3\"><div class=\"qubely-block-text  \"><div class=\"qubely-block-text-title-container  qubely-separator-position-top\"><div class=\"qubely-block-text-title-inner\"><h2 class=\"qubely-block-text-title\">Conozca los reglamentos y documentaci\u00f3n necesaria en su proceso de estudiante dentro de la Universidad. <\/h2><\/div><\/div><p><\/p><\/div><\/div>\n<\/div><\/div>\n\n\n\n<div class=\"wp-block-qubely-column qubely-column qubely-column-front qubely-block-451b50\"><div class=\"qubely-column-inner\">\n<div class=\"wp-block-qubely-button qubely-block-dc5ddf\"><div class=\"qubely-block-btn-wrapper \"><div class=\"qubely-block-btn\"><a class=\"qubely-block-btn-anchor is-medium\" href=\"https:\/\/www.unicatolicadelsur.edu.co\/catsur\/wp-content\/uploads\/Reglamentos\/Acuerdo-No.-005-Reglamento-Estudiantil-aprobado.pdf\">Reglamento Estudiantil\u00a0<i class=\"qubely-btn-icon fas fa-book-reader\"><\/i><\/a><\/div><\/div><\/div>\n\n\n\n<div class=\"wp-block-qubely-button qubely-block-7457f9\"><div class=\"qubely-block-btn-wrapper \"><div class=\"qubely-block-btn\"><a class=\"qubely-block-btn-anchor is-medium\" href=\"https:\/\/www.unicatolicadelsur.edu.co\/catsur\/wp-content\/uploads\/Reglamentos\/Modificacion-reglamento-prepracticas-y-practicas-3.pdf\">Reglamento de Pr\u00e1ctica y Pre-pr\u00e1ctica<i class=\"qubely-btn-icon fas fa-book-reader\"><\/i><\/a><\/div><\/div><\/div>\n\n\n\n<div class=\"wp-block-qubely-button qubely-block-9c40e0\"><div class=\"qubely-block-btn-wrapper \"><div class=\"qubely-block-btn\"><a class=\"qubely-block-btn-anchor is-medium\" href=\"https:\/\/www.unicatolicadelsur.edu.co\/catsur\/wp-content\/uploads\/Reglamentos\/ACUERDO-No.-005-11-AGO-2020-REGLAMENTO-TRABAJO-DE-GRADO.pdf\">Reglamento de Trabajo de Grado<i class=\"qubely-btn-icon fas fa-book-reader\"><\/i><\/a><\/div><\/div><\/div>\n\n\n\n<div class=\"wp-block-qubely-button qubely-block-f0b60e\"><div class=\"qubely-block-btn-wrapper \"><div class=\"qubely-block-btn\"><a class=\"qubely-block-btn-anchor is-medium\" href=\"https:\/\/www.unicatolicadelsur.edu.co\/catsur\/wp-content\/uploads\/Reglamentos\/Acuerdo-006-de-2022.-Reglamento-de-monitorias.pdf\">Reglamento de Monitorias<i class=\"qubely-btn-icon fas fa-book-reader\"><\/i><\/a><\/div><\/div><\/div>\n\n\n\n<div class=\"wp-block-qubely-button qubely-block-68c45d\"><div class=\"qubely-block-btn-wrapper \"><div class=\"qubely-block-btn\"><a class=\"qubely-block-btn-anchor is-medium\" href=\"https:\/\/www.unicatolicadelsur.edu.co\/catsur\/wp-content\/uploads\/Reglamentos\/Acuerdo-005-de-2022.-Reglamento-de-uniforme.pdf\">Reglamento de Uniforme<i class=\"qubely-btn-icon fas fa-book-reader\"><\/i><\/a><\/div><\/div><\/div>\n\n\n\n<div class=\"wp-block-qubely-button qubely-block-09f4d6\"><div class=\"qubely-block-btn-wrapper \"><div class=\"qubely-block-btn\"><a class=\"qubely-block-btn-anchor is-medium\" href=\"https:\/\/www.unicatolicadelsur.edu.co\/catsur\/wp-content\/uploads\/Reglamentos\/ACUERDO-No.-04-4-NOV-2021-REGLAMENTO-PRACTICAS-FORMATIVAS.pdf\">Reglamento de Pr\u00e1cticas Formativas en Salud<i class=\"qubely-btn-icon fas fa-book-reader\"><\/i><\/a><\/div><\/div><\/div>\n\n\n\n<div class=\"wp-block-qubely-button qubely-block-a99af0\"><div class=\"qubely-block-btn-wrapper \"><div class=\"qubely-block-btn\"><a class=\"qubely-block-btn-anchor is-medium\" href=\"https:\/\/www.unicatolicadelsur.edu.co\/catsur\/wp-content\/uploads\/Reglamentos\/Acuerdo-004-de-2022-Reglamento-de-laboratorio.pdf\">Reglamento de Laboratorio<i class=\"qubely-btn-icon fas fa-book-reader\"><\/i><\/a><\/div><\/div><\/div>\n<\/div><\/div>\n<\/div><\/div><\/div>\n","protected":false},"excerpt":{"rendered":"","protected":false},"author":1,"featured_media":0,"parent":0,"menu_order":0,"comment_status":"closed","ping_status":"closed","template":"","meta":{"qubely_global_settings":"","qubely_interactions":"","_uag_custom_page_level_css":"","_vp_format_video_url":"","_vp_image_focal_point":[],"footnotes":""},"class_list":["post-2050","page","type-page","status-publish","hentry"],"uagb_featured_image_src":{"full":false,"thumbnail":false,"medium":false,"medium_large":false,"large":false,"1536x1536":false,"2048x2048":false,"qubely_landscape":false,"qubely_portrait":false,"qubely_thumbnail":false,"vp_sm":false,"vp_md":false,"vp_lg":false,"vp_xl":false,"vp_sm_popup":false,"vp_md_popup":false,"vp_xl_popup":false,"enlighten-slider-image":false,"enlighten-portfolio-image":false,"enlighten-service-image":false,"enlighten-service-image-2":false,"enlighten-testimonial-image":false,"enlighten-client-section":false,"enlighten-recent-news":false,"enlighten-recent-news-disable-twitter":false,"enlighten-footer-recent-news":false,"enlighten-single-page":false,"enlighten-coourse-image":false,"enlighten-event-image":false,"enlighten-blog-image":false,"enlighten-team-home":false,"enlighten-portfolio-grid":false,"enlighten-blog-list-post":false,"enlighten-event-schedule":false},"uagb_author_info":{"display_name":"unicat","author_link":"https:\/\/www.unicatolicadelsur.edu.co\/catsur\/author\/unicat\/"},"uagb_comment_info":0,"uagb_excerpt":null,"_links":{"self":[{"href":"https:\/\/www.unicatolicadelsur.edu.co\/catsur\/wp-json\/wp\/v2\/pages\/2050","targetHints":{"allow":["GET"]}}],"collection":[{"href":"https:\/\/www.unicatolicadelsur.edu.co\/catsur\/wp-json\/wp\/v2\/pages"}],"about":[{"href":"https:\/\/www.unicatolicadelsur.edu.co\/catsur\/wp-json\/wp\/v2\/types\/page"}],"author":[{"embeddable":true,"href":"https:\/\/www.unicatolicadelsur.edu.co\/catsur\/wp-json\/wp\/v2\/users\/1"}],"replies":[{"embeddable":true,"href":"https:\/\/www.unicatolicadelsur.edu.co\/catsur\/wp-json\/wp\/v2\/comments?post=2050"}],"version-history":[{"count":1,"href":"https:\/\/www.unicatolicadelsur.edu.co\/catsur\/wp-json\/wp\/v2\/pages\/2050\/revisions"}],"predecessor-version":[{"id":21493,"href":"https:\/\/www.unicatolicadelsur.edu.co\/catsur\/wp-json\/wp\/v2\/pages\/2050\/revisions\/21493"}],"wp:attachment":[{"href":"https:\/\/www.unicatolicadelsur.edu.co\/catsur\/wp-json\/wp\/v2\/media?parent=2050"}],"curies":[{"name":"wp","href":"https:\/\/api.w.org\/{rel}","templated":true}]}}