{"id":1925,"date":"2021-08-29T19:20:10","date_gmt":"2021-08-30T00:20:10","guid":{"rendered":"https:\/\/www.unicatolicadelsur.edu.co\/catsur\/?page_id=1925"},"modified":"2025-11-10T12:02:22","modified_gmt":"2025-11-10T17:02:22","slug":"bienestar-academico-y-socio","status":"publish","type":"page","link":"https:\/\/www.unicatolicadelsur.edu.co\/catsur\/bienestar-academico-y-socio\/","title":{"rendered":"Bienestar Acad\u00e9mico y Socio &#8211; Afectivo y Econ\u00f3mico"},"content":{"rendered":"\n<div class=\"wp-block-qubely-row alignwide qubely-section qubely-block-650851\"><div class=\"qubely-row-overlay\"><\/div><div class=\"qubely-container-fluid\"><div class=\"qubely-row \">\n<div class=\"wp-block-qubely-column qubely-column qubely-column-front qubely-block-c2e27b\"><div class=\"qubely-column-inner\">\n<div class=\"wp-block-qubely-row qubely-section qubely-block-b7db32\"><div class=\"qubely-row-overlay\"><\/div><div class=\"qubely-container\"><div class=\"qubely-row \">\n<div class=\"wp-block-qubely-column qubely-column qubely-column-front qubely-block-fa1b02\"><div class=\"qubely-column-inner\">\n<div class=\"wp-block-qubely-button qubely-block-2467ee\"><div class=\"qubely-block-btn-wrapper \"><div class=\"qubely-block-btn\"><a class=\"qubely-block-btn-anchor is-large\" href=\"https:\/\/www.unicatolicadelsur.edu.co\/catsur\/bienestar-de-la-salud\/\"><i class=\"qubely-btn-icon fas fa-heartbeat\"><\/i>Bienestar de la Salud<\/a><\/div><\/div><\/div>\n<\/div><\/div>\n\n\n\n<div class=\"wp-block-qubely-column qubely-column qubely-column-front qubely-block-432381\"><div class=\"qubely-column-inner\">\n<div class=\"wp-block-qubely-button qubely-block-dd4204\"><div class=\"qubely-block-btn-wrapper \"><div class=\"qubely-block-btn\"><a class=\"qubely-block-btn-anchor is-large\" href=\"https:\/\/www.unicatolicadelsur.edu.co\/catsur\/bienestar-espiritual\/\"><i class=\"qubely-btn-icon fas fa-praying-hands\"><\/i>Bienestar Espiritual<\/a><\/div><\/div><\/div>\n<\/div><\/div>\n\n\n\n<div class=\"wp-block-qubely-column qubely-column qubely-column-front qubely-block-1d1dc7\"><div class=\"qubely-column-inner\">\n<div class=\"wp-block-qubely-button qubely-block-0834c4\"><div class=\"qubely-block-btn-wrapper \"><div class=\"qubely-block-btn\"><a class=\"qubely-block-btn-anchor is-large\" href=\"https:\/\/www.unicatolicadelsur.edu.co\/catsur\/bienestar-fisico\/\"><i class=\"qubely-btn-icon fas fa-walking\"><\/i>Bienestar F\u00edsico\u00a0<\/a><\/div><\/div><\/div>\n<\/div><\/div>\n\n\n\n<div class=\"wp-block-qubely-column qubely-column qubely-column-front qubely-block-37687b\"><div class=\"qubely-column-inner\">\n<div class=\"wp-block-qubely-button qubely-block-ca5f42\"><div class=\"qubely-block-btn-wrapper \"><div class=\"qubely-block-btn\"><a class=\"qubely-block-btn-anchor is-large\" href=\"https:\/\/www.unicatolicadelsur.edu.co\/catsur\/bienestar-humano-y-cultural\/\"><i class=\"qubely-btn-icon fas fa-brain\"><\/i>Bienestar Humano<\/a><\/div><\/div><\/div>\n<\/div><\/div>\n\n\n\n<div class=\"wp-block-qubely-column qubely-column qubely-column-front qubely-block-82bd4a\"><div class=\"qubely-column-inner\">\n<div class=\"wp-block-qubely-button qubely-block-190fcd\"><div class=\"qubely-block-btn-wrapper \"><div class=\"qubely-block-btn\"><a class=\"qubely-block-btn-anchor is-large\" href=\"https:\/\/www.unicatolicadelsur.edu.co\/catsur\/bienestar-institucional-y-ciudadano\/\"><i class=\"qubely-btn-icon fas fa-school\"><\/i>Bienestar Institucional<\/a><\/div><\/div><\/div>\n<\/div><\/div>\n\n\n\n<div class=\"wp-block-qubely-column qubely-column qubely-column-front qubely-block-fdcf97\"><div class=\"qubely-column-inner\">\n<div class=\"wp-block-qubely-button qubely-block-fbc8b5\"><div class=\"qubely-block-btn-wrapper \"><div class=\"qubely-block-btn\"><a class=\"qubely-block-btn-anchor is-large\" href=\"https:\/\/www.unicatolicadelsur.edu.co\/catsur\/bienestar-academico-y-socio\/\"><i class=\"qubely-btn-icon fas fa-book-reader\"><\/i>Bienestar Acad\u00e9mico<\/a><\/div><\/div><\/div>\n<\/div><\/div>\n<\/div><\/div><\/div>\n<\/div><\/div>\n<\/div><\/div><\/div>\n\n\n\n<div class=\"wp-block-qubely-row alignfull qubely-section qubely-block-0d954c\"><div class=\"qubely-row-overlay\"><\/div><div class=\"qubely-container\"><div class=\"qubely-row \">\n<div class=\"wp-block-qubely-column qubely-column qubely-column-front qubely-block-1c0445\"><div class=\"qubely-column-inner\">\n<div class=\"wp-block-qubely-text qubely-block-fda877\"><div class=\"qubely-block-text  \"><div class=\"qubely-block-text-title-container  qubely-separator-position-top\"><div class=\"qubely-block-text-title-inner\"><h2 class=\"qubely-block-text-title\">Bienestar Acad\u00e9mico y Socio Afectivo y Econ\u00f3mico<br>Atenci\u00f3n y seguimiento para la permanencia estudiantil<\/h2><\/div><\/div><p><\/p><\/div><\/div>\n<\/div><\/div>\n<\/div><\/div><\/div>\n\n\n\n<div class=\"wp-block-qubely-row qubely-section qubely-block-a729bf\"><div class=\"qubely-row-overlay\"><\/div><div class=\"qubely-container\"><div class=\"qubely-row \">\n<div class=\"wp-block-qubely-column qubely-column qubely-column-front qubely-block-2c52c1\"><div class=\"qubely-column-inner\">\n<div class=\"wp-block-qubely-infobox qubely-block-5e9d9d\"><div class=\"qubely-block-info-box  qubely-info-box-layout-2\"><div class=\"qubely-info-box-media qubely-media-has-bg\"><i class=\"qubely-info-box-icon fas fa-book-reader\"><\/i><\/div><div class=\"qubely-info-box-body\"><div class=\"qubely-info-box-title-container  qubely-separator-position-top\"><div class=\"qubely-info-box-title-inner\"><h2 class=\"qubely-info-box-title\"><\/h2><\/div><\/div><div class=\"qubely-info-box-content\"><div class=\"qubely-info-box-text\">Estrategias dirigidas a acompa\u00f1ar la experiencia universitaria, mejorar el desempe\u00f1o, la integraci\u00f3n y la adaptaci\u00f3n al ambiente educativo y a mantener una permanente relaci\u00f3n con los estudiantes. Esta \u00e1rea gestiona todo lo relacionado con las estrategias de retenci\u00f3n de estudiantes, permanencia y graduaci\u00f3n. Las l\u00edneas de acci\u00f3n tienen como objetivo asegurar la permanencia y graduaci\u00f3n de los estudiantes mediante mecanismos que ayuden a identificar los posibles riesgos de deserci\u00f3n para mitigarlos mediante alertas tempranas y as\u00ed brindar con equidad y en las mismas condiciones un servicio educativo de calidad.<br><br><strong><span style=\"color: #dda521;\" data=\"#dda521\" class=\"qubely-text-has-color\"><span data-fontsize=\"20\" style=\"font-size: 20px;\" class=\"qubely-custom-font\">Apoyo Integral para Estudiantes:<\/span><\/span><\/strong><br><br>\u2022 Inclusi\u00f3n y equidad social<br>\u2022 Orientaci\u00f3n educativa (Apoyo acad\u00e9mico)<br>\u2022 Promoci\u00f3n socio-afectiva<br>\u2022 Promoci\u00f3n socio- econ\u00f3mica<\/div><\/div><\/div><\/div><\/div>\n<\/div><\/div>\n<\/div><\/div><\/div>\n\n\n\n<div class=\"wp-block-qubely-row qubely-section qubely-block-9211fb\"><div class=\"qubely-row-overlay\"><\/div><div class=\"qubely-container\"><div class=\"qubely-row \">\n<div class=\"wp-block-qubely-column qubely-column qubely-column-front qubely-block-409cf8\"><div class=\"qubely-column-inner\">\n<div class=\"wp-block-qubely-image qubely-block-3af3a3\"><div class=\"qubely-block-image  qubely-image-layout-simple\"><div class=\"qubely-image-media qubely-vertical-alignment-center qubely-horizontal-alignment-center\"><figure><div class=\"qubely-image-container\"><img decoding=\"async\" class=\"qubely-image-image\" src=\"https:\/\/www.unicatolicadelsur.edu.co\/catsur\/wp-content\/uploads\/2021\/09\/area6-3.jpg\" alt=\"\"\/><\/div><\/figure><\/div><\/div><\/div>\n<\/div><\/div>\n\n\n\n<div class=\"wp-block-qubely-column qubely-column qubely-column-front qubely-block-4dd620\"><div class=\"qubely-column-inner\">\n<div class=\"wp-block-qubely-image qubely-block-7a1580\"><div class=\"qubely-block-image  qubely-image-layout-simple\"><div class=\"qubely-image-media qubely-vertical-alignment-center qubely-horizontal-alignment-center\"><figure><div class=\"qubely-image-container\"><img decoding=\"async\" class=\"qubely-image-image\" src=\"https:\/\/www.unicatolicadelsur.edu.co\/catsur\/wp-content\/uploads\/2021\/09\/area6-2.jpg\" alt=\"\"\/><\/div><\/figure><\/div><\/div><\/div>\n<\/div><\/div>\n<\/div><\/div><\/div>\n\n\n\n<div class=\"wp-block-qubely-row qubely-section qubely-block-69d799\"><div class=\"qubely-row-overlay\"><\/div><div class=\"qubely-container\"><div class=\"qubely-row \">\n<div class=\"wp-block-qubely-column qubely-column qubely-column-front qubely-block-48335d\"><div class=\"qubely-column-inner\">\n<div class=\"wp-block-uagb-advanced-heading uagb-block-e2f2bf55\"><h2 class=\"uagb-heading-text\">Informaci\u00f3n Importante<\/h2><\/div>\n\n\n\n<div class=\"wp-block-qubely-row qubely-section qubely-block-f9f00f\"><div class=\"qubely-row-overlay\"><\/div><div class=\"qubely-container\"><div class=\"qubely-row \">\n<div class=\"wp-block-qubely-column qubely-column qubely-column-front qubely-block-f0d1ca\"><div class=\"qubely-column-inner\">\n<div class=\"wp-block-qubely-image qubely-block-67c6eb\" data-qubelyanimation=\"{&quot;animation&quot;:&quot;fade&quot;,&quot;name&quot;:&quot;fadeCenter&quot;,&quot;repeat&quot;:&quot;once&quot;,&quot;direction&quot;:&quot;Center&quot;,&quot;duration&quot;:1000,&quot;delay&quot;:0,&quot;curve&quot;:&quot;ease-in-out&quot;,&quot;openAnimation&quot;:1}\"><div class=\"qubely-block-image qubley-block-interaction qubely-image-layout-simple\"><div class=\"qubely-image-media qubely-vertical-alignment-center qubely-horizontal-alignment-center\"><figure><div class=\"qubely-image-container\"><a href=\"https:\/\/www.unicatolicadelsur.edu.co\/catsur\/wp-content\/uploads\/Reglamentos\/Reglamento-Becas-incentivos-y-descuentos.pdf\" target=\"_blank\" rel=\"noopener noreferrer\"><img decoding=\"async\" class=\"qubely-image-image\" src=\"https:\/\/www.unicatolicadelsur.edu.co\/catsur\/wp-content\/uploads\/2024\/01\/reglamentos-incentivos.png\" alt=\"\"\/><\/a><\/div><\/figure><\/div><\/div><\/div>\n<\/div><\/div>\n\n\n\n<div class=\"wp-block-qubely-column qubely-column qubely-column-front qubely-block-0458fa\"><div class=\"qubely-column-inner\">\n<div class=\"wp-block-qubely-image qubely-block-dcc12d\" data-qubelyanimation=\"{&quot;animation&quot;:&quot;fade&quot;,&quot;name&quot;:&quot;fadeCenter&quot;,&quot;repeat&quot;:&quot;once&quot;,&quot;direction&quot;:&quot;Center&quot;,&quot;duration&quot;:1000,&quot;delay&quot;:0,&quot;curve&quot;:&quot;ease-in-out&quot;,&quot;openAnimation&quot;:1}\"><div class=\"qubely-block-image qubley-block-interaction qubely-image-layout-simple\"><div class=\"qubely-image-media qubely-vertical-alignment-center qubely-horizontal-alignment-center\"><figure><div class=\"qubely-image-container\"><a href=\"https:\/\/www.unicatolicadelsur.edu.co\/catsur\/wp-content\/uploads\/DocumentosUnicat%C3%B3lica\/PLAN-PADRINO.pdf\" target=\"_blank\" rel=\"noopener noreferrer\"><img decoding=\"async\" class=\"qubely-image-image\" src=\"https:\/\/www.unicatolicadelsur.edu.co\/catsur\/wp-content\/uploads\/2023\/07\/plan-padrino-imagen.png\" alt=\"\"\/><\/a><\/div><\/figure><\/div><\/div><\/div>\n<\/div><\/div>\n<\/div><\/div><\/div>\n\n\n\n<div class=\"wp-block-qubely-heading qubely-block-433d0f\"><div class=\"qubely-block-heading  qubely-has-separator qubely-separator-position-top\"><div class=\"qubely-heading-container\"><div class=\"qubely-separator qubely-separator-before\"><span class=\"qubely-separator-type-css qubely-separator-solid\"><\/span><\/div><h2 class=\"qubely-heading-selector\"><br><a href=\"https:\/\/www.unicatolicadelsur.edu.co\/catsur\/wp-content\/uploads\/2021\/08\/Datos-a-tener-en-cuenta-para-AYUDAS-UNICATOLICA-PDF.pdf\" target=\"_blank\" rel=\"noreferrer noopener\">Convocatoria para ayudas por situaci\u00f3n econ\u00f3mica y descuentos <\/a> <\/h2><\/div><h3 class=\"qubely-sub-heading-selector\"><\/h3><\/div><\/div>\n<\/div><\/div>\n<\/div><\/div><\/div>\n","protected":false},"excerpt":{"rendered":"","protected":false},"author":1,"featured_media":0,"parent":0,"menu_order":0,"comment_status":"closed","ping_status":"closed","template":"","meta":{"qubely_global_settings":"","qubely_interactions":"","_uag_custom_page_level_css":"","_vp_format_video_url":"","_vp_image_focal_point":[],"footnotes":""},"class_list":["post-1925","page","type-page","status-publish","hentry"],"uagb_featured_image_src":{"full":false,"thumbnail":false,"medium":false,"medium_large":false,"large":false,"1536x1536":false,"2048x2048":false,"qubely_landscape":false,"qubely_portrait":false,"qubely_thumbnail":false,"vp_sm":false,"vp_md":false,"vp_lg":false,"vp_xl":false,"vp_sm_popup":false,"vp_md_popup":false,"vp_xl_popup":false,"enlighten-slider-image":false,"enlighten-portfolio-image":false,"enlighten-service-image":false,"enlighten-service-image-2":false,"enlighten-testimonial-image":false,"enlighten-client-section":false,"enlighten-recent-news":false,"enlighten-recent-news-disable-twitter":false,"enlighten-footer-recent-news":false,"enlighten-single-page":false,"enlighten-coourse-image":false,"enlighten-event-image":false,"enlighten-blog-image":false,"enlighten-team-home":false,"enlighten-portfolio-grid":false,"enlighten-blog-list-post":false,"enlighten-event-schedule":false},"uagb_author_info":{"display_name":"unicat","author_link":"https:\/\/www.unicatolicadelsur.edu.co\/catsur\/author\/unicat\/"},"uagb_comment_info":0,"uagb_excerpt":null,"_links":{"self":[{"href":"https:\/\/www.unicatolicadelsur.edu.co\/catsur\/wp-json\/wp\/v2\/pages\/1925","targetHints":{"allow":["GET"]}}],"collection":[{"href":"https:\/\/www.unicatolicadelsur.edu.co\/catsur\/wp-json\/wp\/v2\/pages"}],"about":[{"href":"https:\/\/www.unicatolicadelsur.edu.co\/catsur\/wp-json\/wp\/v2\/types\/page"}],"author":[{"embeddable":true,"href":"https:\/\/www.unicatolicadelsur.edu.co\/catsur\/wp-json\/wp\/v2\/users\/1"}],"replies":[{"embeddable":true,"href":"https:\/\/www.unicatolicadelsur.edu.co\/catsur\/wp-json\/wp\/v2\/comments?post=1925"}],"version-history":[{"count":0,"href":"https:\/\/www.unicatolicadelsur.edu.co\/catsur\/wp-json\/wp\/v2\/pages\/1925\/revisions"}],"wp:attachment":[{"href":"https:\/\/www.unicatolicadelsur.edu.co\/catsur\/wp-json\/wp\/v2\/media?parent=1925"}],"curies":[{"name":"wp","href":"https:\/\/api.w.org\/{rel}","templated":true}]}}