{"id":13931,"date":"2023-07-24T16:01:55","date_gmt":"2023-07-24T21:01:55","guid":{"rendered":"https:\/\/www.unicatolicadelsur.edu.co\/catsur\/?page_id=13931"},"modified":"2024-08-22T17:29:42","modified_gmt":"2024-08-22T22:29:42","slug":"comites","status":"publish","type":"page","link":"https:\/\/www.unicatolicadelsur.edu.co\/catsur\/comites\/","title":{"rendered":"Comit\u00e9s"},"content":{"rendered":"\n<p><\/p>\n\n\n\n<div class=\"wp-block-qubely-row qubely-section qubely-block-fb24ba\"><div class=\"qubely-row-overlay\"><\/div><div class=\"qubely-container\"><div class=\"qubely-row \">\n<div class=\"wp-block-qubely-column qubely-column qubely-column-front qubely-block-aa2357\"><div class=\"qubely-column-inner\">\n<div class=\"wp-block-qubely-text qubely-block-ac1fa9\"><div class=\"qubely-block-text  \"><div class=\"qubely-block-text-title-container  qubely-separator-position-top\"><div class=\"qubely-block-text-title-inner\"><h2 class=\"qubely-block-text-title\"><strong>La Fundaci\u00f3n Universitaria Cat\u00f3lica del Sur, asume la Investigaci\u00f3n como: \u201cEl medio necesario para apropiar, reconstruir cr\u00edticamente y producir nuevo conocimiento, a partir de disciplinas, discursos, saberes, pr\u00e1cticas sociales y relaciones de los seres humanos con ellos mismos, con el otro, con lo otro y con el trascendente, en un proceso permanente de reconstrucci\u00f3n personal y cultural\u201d. Desde la investigaci\u00f3n la Instituci\u00f3n profundiza en la problem\u00e1tica regional en concordancia con el Modelo Pedag\u00f3gico Constructivista, el cual se orienta al enfoque curricular humanista, donde a trav\u00e9s de la investigaci\u00f3n se aporta a la gesti\u00f3n y a la producci\u00f3n del nuevo conocimiento.<\/strong><\/h2><\/div><\/div><p><\/p><\/div><\/div>\n\n\n\n<p><\/p>\n<\/div><\/div>\n<\/div><\/div><\/div>\n\n\n\n<div class=\"wp-block-qubely-row alignfull qubely-section qubely-block-833f95\"><div class=\"qubely-row-overlay\"><\/div><div class=\"qubely-container\"><div class=\"qubely-row \">\n<div class=\"wp-block-qubely-column qubely-column qubely-column-front qubely-block-0ea593\"><div class=\"qubely-column-inner\">\n<div class=\"wp-block-qubely-text qubely-block-5fd3d4\"><div class=\"qubely-block-text  \"><div class=\"qubely-block-text-title-container  qubely-separator-position-top\"><div class=\"qubely-block-text-title-inner\"><h2 class=\"qubely-block-text-title\">&nbsp;Etica de la Investigaci\u00f3n Bio\u00e9tica e Integridad Cient\u00edfica<\/h2><\/div><\/div><p><\/p><\/div><\/div>\n<\/div><\/div>\n\n\n\n<div class=\"wp-block-qubely-column qubely-column qubely-column-front qubely-block-082850\"><div class=\"qubely-column-inner\">\n<div class=\"wp-block-qubely-image qubely-block-ae84b2\"><div class=\"qubely-block-image  qubely-image-layout-simple\"><div class=\"qubely-image-media qubely-vertical-alignment-center qubely-horizontal-alignment-center\"><figure><div class=\"qubely-image-container\"><a href=\"https:\/\/www.unicatolicadelsur.edu.co\/catsur\/wp-content\/uploads\/2021\/08\/Politica-EIBIC.pdf\" target=\"_blank\" rel=\"noopener noreferrer\"><img decoding=\"async\" class=\"qubely-image-image\" src=\"https:\/\/www.unicatolicadelsur.edu.co\/catsur\/wp-content\/uploads\/2022\/11\/Politica.png\" alt=\"\"\/><\/a><\/div><figcaption class=\"qubely-image-caption\">Pol\u00edtica de \u00c9tica de la Investigaci\u00f3n Bio\u00e9tica e Integridad Cient\u00edfica<\/figcaption><\/figure><\/div><\/div><\/div>\n<\/div><\/div>\n\n\n\n<div class=\"wp-block-qubely-column qubely-column qubely-column-front qubely-block-9073e9\"><div class=\"qubely-column-inner\">\n<div class=\"wp-block-qubely-image qubely-block-13831a\"><div class=\"qubely-block-image  qubely-image-layout-simple\"><div class=\"qubely-image-media qubely-vertical-alignment-center qubely-horizontal-alignment-center\"><figure><div class=\"qubely-image-container\"><a href=\"https:\/\/youtu.be\/9fKmHBtYgiU\" target=\"_blank\" rel=\"noopener noreferrer\"><img decoding=\"async\" class=\"qubely-image-image\" src=\"https:\/\/www.unicatolicadelsur.edu.co\/catsur\/wp-content\/uploads\/2022\/11\/video-01.png\" alt=\"\"\/><\/a><\/div><figcaption class=\"qubely-image-caption\">Video Actualizaci\u00f3n Pol\u00edtica de \u00c9tica de la Investigaci\u00f3n Bio\u00e9tica e Integridad Cient\u00edfica<\/figcaption><\/figure><\/div><\/div><\/div>\n<\/div><\/div>\n<\/div><\/div><\/div>\n\n\n\n<div class=\"wp-block-qubely-row qubely-section qubely-block-71d119\"><div class=\"qubely-row-overlay\"><\/div><div class=\"qubely-container\"><div class=\"qubely-row \">\n<div class=\"wp-block-qubely-column qubely-column qubely-column-front qubely-block-9dd9d6\"><div class=\"qubely-column-inner\"><\/div><\/div>\n<\/div><\/div><\/div>\n\n\n\n<div class=\"wp-block-qubely-row alignfull qubely-section qubely-block-121e11\"><div class=\"qubely-row-overlay\"><\/div><div class=\"qubely-container\"><div class=\"qubely-row \">\n<div class=\"wp-block-qubely-column qubely-column qubely-column-front qubely-block-5848d7\"><div class=\"qubely-column-inner\">\n<div class=\"wp-block-qubely-row qubely-section qubely-block-83a960\"><div class=\"qubely-row-overlay\"><\/div><div class=\"qubely-container-fluid\"><div class=\"qubely-row \">\n<div class=\"wp-block-qubely-column qubely-column qubely-column-front qubely-block-dc5029\"><div class=\"qubely-column-inner\"><\/div><\/div>\n<\/div><\/div><\/div>\n<\/div><\/div>\n\n\n\n<div class=\"wp-block-qubely-column qubely-column qubely-column-front qubely-block-ce849c\"><div class=\"qubely-column-inner\">\n<div class=\"wp-block-qubely-text qubely-block-f3f003\"><div class=\"qubely-block-text  \"><div class=\"qubely-block-text-title-container  qubely-separator-position-top\"><div class=\"qubely-block-text-title-inner\"><h2 class=\"qubely-block-text-title\">01<\/h2><\/div><\/div><p><strong>Direcci\u00f3n de Investigaciones<\/strong><\/p><\/div><\/div>\n\n\n\n<div class=\"wp-block-qubely-text qubely-block-eda514\"><div class=\"qubely-block-text  \"><div class=\"qubely-block-text-title-container qubely-has-separator qubely-separator-position-top\"><div class=\"qubely-block-text-title-inner\"><div class=\"qubely-separator qubely-separator-before\"><span class=\"qubely-separator-type-css qubely-separator-solid\"><\/span><\/div><h2 class=\"qubely-block-text-title\">Nancy Cabrera Bravo<\/h2><\/div><\/div><p><strong>Vicerrectora de Investigaci\u00f3n, Innovaci\u00f3n, Creaci\u00f3n Art\u00edstica y Cultural<\/strong><\/p><\/div><\/div>\n\n\n\n<div class=\"wp-block-qubely-advancedlist qubely-block-ba2d52\"><div class=\"qubely-block-advanced-list  qubely-alignment-left\"><ul class=\"qubely-list qubely-list-type-unordered qubely-list-bullet-chevron-right\"><li>Reconocido por MIN Ciencias: Categor\u00eda investigador Junior<\/li><li>Mag\u00edster en Epidemiolog\u00eda, Universidad CES de Medell\u00edn en convenio con la Universidad Mariana: Pasto.<\/li><li>Especialista en Gerencia y Auditor\u00eda de la Calidad de Salud, Universidad de Nari\u00f1o.\u00a0<\/li><li>Profesional en Enfermer\u00eda, Universidad Mariana.<\/li><\/ul><\/div><\/div>\n<\/div><\/div>\n<\/div><\/div><\/div>\n\n\n\n<div class=\"wp-block-qubely-row qubely-section qubely-block-eecb0f\"><div class=\"qubely-row-overlay\"><\/div><div class=\"qubely-container\"><div class=\"qubely-row \">\n<div class=\"wp-block-qubely-column qubely-column qubely-column-front qubely-block-5bc43b\"><div class=\"qubely-column-inner\"><\/div><\/div>\n<\/div><\/div><\/div>\n\n\n\n<div class=\"wp-block-qubely-row alignfull qubely-section qubely-block-e34c31\"><div class=\"qubely-row-overlay\"><\/div><div class=\"qubely-container\"><div class=\"qubely-row \">\n<div class=\"wp-block-qubely-column qubely-column qubely-column-front qubely-block-acab06\"><div class=\"qubely-column-inner\">\n<div class=\"wp-block-qubely-text qubely-block-207063\"><div class=\"qubely-block-text  \"><div class=\"qubely-block-text-title-container  qubely-separator-position-top\"><div class=\"qubely-block-text-title-inner\"><h2 class=\"qubely-block-text-title\">02<\/h2><\/div><\/div><p><\/p><\/div><\/div>\n<\/div><\/div>\n\n\n\n<div class=\"wp-block-qubely-column qubely-column qubely-column-front qubely-block-b6c7d7\"><div class=\"qubely-column-inner\">\n<div class=\"wp-block-qubely-text qubely-block-2c3037\"><div class=\"qubely-block-text  \"><div class=\"qubely-block-text-title-container  qubely-separator-position-top\"><div class=\"qubely-block-text-title-inner\"><h2 class=\"qubely-block-text-title\">Comit\u00e9s<\/h2><\/div><\/div><p><\/p><\/div><\/div>\n\n\n\n<p><\/p>\n<\/div><\/div>\n<\/div><\/div><\/div>\n\n\n\n<div class=\"wp-block-qubely-row aligncenter qubely-section qubely-block-8e8e34\"><div class=\"qubely-row-overlay\"><\/div><div class=\"qubely-container-fluid\"><div class=\"qubely-row \">\n<div class=\"wp-block-qubely-column qubely-column qubely-column-front qubely-block-a78672\"><div class=\"qubely-column-inner\">\n<div class=\"aligncenter qubely-block-fd4ac7\"><div class=\"qubely-block-tab qubely-tab-style-tabs\"><div class=\"qubely-tab-nav qubely-alignment-center\"><span class=\"qubely-tab-item qubely-active\"><span class=\"qubely-tab-title \" role=\"button\"><span class=\"qubely-tab-title-text\">Comit\u00e9 de \u00c9tica<\/span><\/span><\/span><span class=\"qubely-tab-item \"><span class=\"qubely-tab-title \" role=\"button\"><span class=\"qubely-tab-title-text\">Comit\u00e9 de Investigaci\u00f3n<\/span><\/span><\/span><\/div><div class=\"qubely-tab-body\">\n<div class=\"wp-block-qubely-tab qubely-tab-content qubely-active\">\n<div class=\"wp-block-qubely-text qubely-block-baedce\"><div class=\"qubely-block-text  \"><p>Es el organismo consultor, asesor y evaluador que permite el seguimiento y orientaci\u00f3n de los criterios \u00e9ticos en los proyectos de la instituci\u00f3n. Su prop\u00f3sito es el de velar por la pertinencia, el rigor metodol\u00f3gico, el respeto de los derechos de los sujetos de investigaci\u00f3n, el acatamiento de las normas \u00e9ticas derivadas de su realizaci\u00f3n acorde con la Pol\u00edtica de Investigaci\u00f3n, Innovaci\u00f3n, Creaci\u00f3n Art\u00edstica y Cultural de la Instituci\u00f3n<\/p><\/div><\/div>\n\n\n\n<div class=\"wp-block-qubely-row qubely-section qubely-block-f5304f\"><div class=\"qubely-row-overlay\"><\/div><div class=\"qubely-container-fluid\"><div class=\"qubely-row \">\n<div class=\"wp-block-qubely-column qubely-column qubely-column-front qubely-block-1f03a8\"><div class=\"qubely-column-inner\">\n<div class=\"wp-block-qubely-team qubely-block-e8465b\"><div class=\"qubely-block-team  qubely-team-layout-1\"><div class=\"qubely-team-image-wrapper\"><img decoding=\"async\" class=\"qubely-team-image\" src=\"https:\/\/www.unicatolicadelsur.edu.co\/catsur\/wp-content\/uploads\/2021\/09\/p8.png\" srcset=\"\" alt=\"Hugo Armando Burbano Arango\"\/><\/div><div class=\"qubely-team-content\"><div class=\"qubely-team-content-inner\"><span class=\"qubely-team-name\">Hugo Armando Burbano Arango<\/span><div class=\"qubely-team-designation-container\"><span class=\"qubely-team-designation\">Delegado de la Vicerrectora de Investigaciones<\/span><\/div><\/div><\/div><\/div><\/div>\n<\/div><\/div>\n\n\n\n<div class=\"wp-block-qubely-column qubely-column qubely-column-front qubely-block-cbc113\"><div class=\"qubely-column-inner\"><\/div><\/div>\n<\/div><\/div><\/div>\n<\/div>\n\n\n\n<div class=\"wp-block-qubely-tab qubely-tab-content\">\n<div class=\"wp-block-qubely-row qubely-section qubely-block-824809\"><div class=\"qubely-row-overlay\"><\/div><div class=\"qubely-container-fluid\"><div class=\"qubely-row \">\n<div class=\"wp-block-qubely-column qubely-column qubely-column-front qubely-block-525482\"><div class=\"qubely-column-inner\">\n<div class=\"wp-block-qubely-text qubely-block-6b3e28\"><div class=\"qubely-block-text  \"><p>Es un \u00f3rgano asesor y consultivo de la Vicerrector\u00eda de Investigaci\u00f3n, Innovaci\u00f3n, Creaci\u00f3n, Art\u00edstica y Cultural y tiene como fin colaborar en la formulaci\u00f3n, seguimiento y evaluaci\u00f3n de la funci\u00f3n de investigaci\u00f3n en la Instituci\u00f3n.<\/p><\/div><\/div>\n<\/div><\/div>\n<\/div><\/div><\/div>\n\n\n\n<div class=\"wp-block-qubely-row qubely-section qubely-block-15f21e\"><div class=\"qubely-row-overlay\"><\/div><div class=\"qubely-container-fluid\"><div class=\"qubely-row \">\n<div class=\"wp-block-qubely-column qubely-column qubely-column-front qubely-block-050cb6\"><div class=\"qubely-column-inner\">\n<div class=\"wp-block-qubely-team qubely-block-3816d2\"><div class=\"qubely-block-team  qubely-team-layout-1\"><div class=\"qubely-team-image-wrapper\"><img decoding=\"async\" class=\"qubely-team-image\" src=\"https:\/\/www.unicatolicadelsur.edu.co\/catsur\/wp-content\/uploads\/2021\/08\/fotos-circulares_Mesa-de-trabajo-1-copia-8.png\" srcset=\"\" alt=\"Nancy Cabrera Bravo\"\/><\/div><div class=\"qubely-team-content\"><div class=\"qubely-team-content-inner\"><span class=\"qubely-team-name\">Nancy Cabrera Bravo<\/span><div class=\"qubely-team-designation-container\"><span class=\"qubely-team-designation\"><strong>Vicerrectora de Investigaci\u00f3n, Innovaci\u00f3n, Creaci\u00f3n Art\u00edstica y Cultural<\/strong><\/span><\/div><\/div><\/div><\/div><\/div>\n<\/div><\/div>\n\n\n\n<div class=\"wp-block-qubely-column qubely-column qubely-column-front qubely-block-862bb4\"><div class=\"qubely-column-inner\">\n<div class=\"wp-block-qubely-team qubely-block-62d06f\"><div class=\"qubely-block-team  qubely-team-layout-1\"><div class=\"qubely-team-image-wrapper\"><img decoding=\"async\" class=\"qubely-team-image\" src=\"https:\/\/www.unicatolicadelsur.edu.co\/catsur\/wp-content\/uploads\/2022\/03\/FotosNuevasPW-9.png\" srcset=\"\" alt=\"Diana del Rosario Escobar\"\/><\/div><div class=\"qubely-team-content\"><div class=\"qubely-team-content-inner\"><span class=\"qubely-team-name\">Diana del Rosario Escobar<\/span><div class=\"qubely-team-designation-container\"><span class=\"qubely-team-designation\"><strong>Representante de los directores de programa<\/strong><br><\/span><\/div><\/div><\/div><\/div><\/div>\n<\/div><\/div>\n<\/div><\/div><\/div>\n<\/div>\n<\/div><\/div><\/div>\n<\/div><\/div>\n<\/div><\/div><\/div>\n","protected":false},"excerpt":{"rendered":"","protected":false},"author":1,"featured_media":0,"parent":0,"menu_order":0,"comment_status":"closed","ping_status":"closed","template":"","meta":{"qubely_global_settings":"","qubely_interactions":"","_uag_custom_page_level_css":"","_vp_format_video_url":"","_vp_image_focal_point":[],"footnotes":""},"class_list":["post-13931","page","type-page","status-publish","hentry"],"uagb_featured_image_src":{"full":false,"thumbnail":false,"medium":false,"medium_large":false,"large":false,"1536x1536":false,"2048x2048":false,"qubely_landscape":false,"qubely_portrait":false,"qubely_thumbnail":false,"vp_sm":false,"vp_md":false,"vp_lg":false,"vp_xl":false,"vp_sm_popup":false,"vp_md_popup":false,"vp_xl_popup":false,"enlighten-slider-image":false,"enlighten-portfolio-image":false,"enlighten-service-image":false,"enlighten-service-image-2":false,"enlighten-testimonial-image":false,"enlighten-client-section":false,"enlighten-recent-news":false,"enlighten-recent-news-disable-twitter":false,"enlighten-footer-recent-news":false,"enlighten-single-page":false,"enlighten-coourse-image":false,"enlighten-event-image":false,"enlighten-blog-image":false,"enlighten-team-home":false,"enlighten-portfolio-grid":false,"enlighten-blog-list-post":false,"enlighten-event-schedule":false},"uagb_author_info":{"display_name":"unicat","author_link":"https:\/\/www.unicatolicadelsur.edu.co\/catsur\/author\/unicat\/"},"uagb_comment_info":0,"uagb_excerpt":null,"_links":{"self":[{"href":"https:\/\/www.unicatolicadelsur.edu.co\/catsur\/wp-json\/wp\/v2\/pages\/13931","targetHints":{"allow":["GET"]}}],"collection":[{"href":"https:\/\/www.unicatolicadelsur.edu.co\/catsur\/wp-json\/wp\/v2\/pages"}],"about":[{"href":"https:\/\/www.unicatolicadelsur.edu.co\/catsur\/wp-json\/wp\/v2\/types\/page"}],"author":[{"embeddable":true,"href":"https:\/\/www.unicatolicadelsur.edu.co\/catsur\/wp-json\/wp\/v2\/users\/1"}],"replies":[{"embeddable":true,"href":"https:\/\/www.unicatolicadelsur.edu.co\/catsur\/wp-json\/wp\/v2\/comments?post=13931"}],"version-history":[{"count":0,"href":"https:\/\/www.unicatolicadelsur.edu.co\/catsur\/wp-json\/wp\/v2\/pages\/13931\/revisions"}],"wp:attachment":[{"href":"https:\/\/www.unicatolicadelsur.edu.co\/catsur\/wp-json\/wp\/v2\/media?parent=13931"}],"curies":[{"name":"wp","href":"https:\/\/api.w.org\/{rel}","templated":true}]}}