{"id":13658,"date":"2023-05-30T16:29:59","date_gmt":"2023-05-30T21:29:59","guid":{"rendered":"https:\/\/www.unicatolicadelsur.edu.co\/catsur\/?page_id=13658"},"modified":"2025-06-04T11:44:38","modified_gmt":"2025-06-04T16:44:38","slug":"lineas-de-investigacion-2","status":"publish","type":"page","link":"https:\/\/www.unicatolicadelsur.edu.co\/catsur\/lineas-de-investigacion-2\/","title":{"rendered":"L\u00edneas de Investigaci\u00f3n"},"content":{"rendered":"\n<div class=\"wp-block-qubely-row alignfull qubely-section qubely-block-436a9e\"><div class=\"qubely-row-overlay\"><\/div><div class=\"qubely-container\"><div class=\"qubely-row \">\n<div class=\"wp-block-qubely-column qubely-column qubely-column-front qubely-block-233f9f\"><div class=\"qubely-column-inner\">\n<div class=\"wp-block-qubely-text qubely-block-b89d29\"><div class=\"qubely-block-text  \"><div class=\"qubely-block-text-title-container  qubely-separator-position-top\"><div class=\"qubely-block-text-title-inner\"><h2 class=\"qubely-block-text-title\">Grupo: ICTUS<\/h2><\/div><\/div><p><strong>L\u00edder del grupo<\/strong><\/p><\/div><\/div>\n\n\n\n<div class=\"wp-block-qubely-team qubely-block-7dd883\"><div class=\"qubely-block-team  qubely-team-layout-1\"><div class=\"qubely-team-image-wrapper\"><img decoding=\"async\" class=\"qubely-team-image\" src=\"https:\/\/www.unicatolicadelsur.edu.co\/catsur\/wp-content\/uploads\/2025\/02\/Vice-Claudia.png\" srcset=\"\" alt=\"<strong&gt;Claudia Guerrero<\/strong&gt;\"\/><\/div><div class=\"qubely-team-content\"><div class=\"qubely-team-content-inner\"><span class=\"qubely-team-name\"><strong>Claudia Guerrero<\/strong><\/span><div class=\"qubely-team-designation-container\"><span class=\"qubely-team-designation\"><strong>Indice H: 3<\/strong><\/span><\/div><\/div><\/div><\/div><\/div>\n\n\n\n<div class=\"wp-block-qubely-button qubely-block-894291\"><div class=\"qubely-block-btn-wrapper \"><div class=\"qubely-block-btn\"><a class=\"qubely-block-btn-anchor is-large\" href=\"#\"><strong>CVLAC<\/strong><\/a><\/div><\/div><\/div>\n<\/div><\/div>\n<\/div><\/div><\/div>\n\n\n\n<div class=\"wp-block-qubely-row alignfull qubely-section qubely-block-ba155e\"><div class=\"qubely-row-overlay\"><\/div><div class=\"qubely-container\"><div class=\"qubely-row \">\n<div class=\"wp-block-qubely-column qubely-column qubely-column-front qubely-block-5d0412\"><div class=\"qubely-column-inner\">\n<div class=\"wp-block-qubely-row qubely-section qubely-block-611d1f\"><div class=\"qubely-row-overlay\"><\/div><div class=\"qubely-container-fluid\"><div class=\"qubely-row \">\n<div class=\"wp-block-qubely-column qubely-column qubely-column-front qubely-block-5d0bce\"><div class=\"qubely-column-inner\">\n<div class=\"wp-block-qubely-text qubely-block-24acd4\"><div class=\"qubely-block-text  \"><div class=\"qubely-block-text-title-container  qubely-separator-position-top\"><div class=\"qubely-block-text-title-inner\"><h2 class=\"qubely-block-text-title\"><strong>L\u00edneas de investigaci\u00f3n y sub l\u00edneas de investigaci\u00f3n.<\/strong><\/h2><\/div><\/div><p><\/p><\/div><\/div>\n<\/div><\/div>\n<\/div><\/div><\/div>\n<\/div><\/div>\n<\/div><\/div><\/div>\n\n\n\n<div class=\"wp-block-qubely-row alignfull qubely-section qubely-block-6f86ce\"><div class=\"qubely-row-overlay\"><\/div><div class=\"qubely-container\"><div class=\"qubely-row \">\n<div class=\"wp-block-qubely-column qubely-column qubely-column-front qubely-block-bd743a\"><div class=\"qubely-column-inner\">\n<div class=\"wp-block-qubely-text qubely-block-267d4e\"><div class=\"qubely-block-text  \"><div class=\"qubely-block-text-title-container  qubely-separator-position-top\"><div class=\"qubely-block-text-title-inner\"><h2 class=\"qubely-block-text-title\">01<\/h2><\/div><\/div><p><strong>Salud Integral<\/strong><\/p><\/div><\/div>\n\n\n\n<div class=\"wp-block-qubely-text qubely-block-525d20\"><div class=\"qubely-block-text  \"><div class=\"qubely-block-text-title-container  qubely-separator-position-top\"><div class=\"qubely-block-text-title-inner\"><h2 class=\"qubely-block-text-title\"><\/h2><\/div><\/div><p><strong>Sub l\u00edneas:<\/strong> TICS para la salud, medicina cl\u00ednica, epidemiologia, salud p\u00fablica y familiar., humanizaci\u00f3n en salud, innovaci\u00f3n en salud, Salud ambiental.<\/p><\/div><\/div>\n\n\n\n<div class=\"wp-block-qubely-text qubely-block-f2208e\"><div class=\"qubely-block-text  \"><p><strong>L\u00edder<\/strong><\/p><\/div><\/div>\n\n\n\n<div class=\"wp-block-qubely-team qubely-block-f59503\"><div class=\"qubely-block-team  qubely-team-layout-1\"><div class=\"qubely-team-image-wrapper\"><div class=\"qubely-image-placeholder\"><i class=\"far fa-image\"><\/i><\/div><\/div><div class=\"qubely-team-content\"><div class=\"qubely-team-content-inner\"><span class=\"qubely-team-name\"><strong>Nombre<\/strong><\/span><div class=\"qubely-team-designation-container\"><span class=\"qubely-team-designation\"><strong>Indice H: 3<\/strong><\/span><\/div><\/div><\/div><\/div><\/div>\n\n\n\n<div class=\"wp-block-qubely-button qubely-block-161e08\"><div class=\"qubely-block-btn-wrapper \"><div class=\"qubely-block-btn\"><a class=\"qubely-block-btn-anchor is-large\" href=\"#\"><strong>CVLAC<\/strong><\/a><\/div><\/div><\/div>\n<\/div><\/div>\n\n\n\n<div class=\"wp-block-qubely-column qubely-column qubely-column-front qubely-block-4772f8\"><div class=\"qubely-column-inner\">\n<div class=\"wp-block-qubely-image qubely-block-793d59\"><div class=\"qubely-block-image  qubely-image-layout-simple\"><div class=\"qubely-image-media qubely-vertical-alignment-center qubely-horizontal-alignment-center\"><figure><div class=\"qubely-image-container\"><img decoding=\"async\" class=\"qubely-image-image\" src=\"https:\/\/www.unicatolicadelsur.edu.co\/catsur\/wp-content\/uploads\/2023\/05\/WhatsApp-Image-2023-04-18-at-1.42.36-PM.jpeg\" alt=\"\"\/><\/div><\/figure><\/div><\/div><\/div>\n<\/div><\/div>\n<\/div><\/div><\/div>\n\n\n\n<div class=\"wp-block-qubely-row alignfull qubely-section qubely-block-ba6120\"><div class=\"qubely-row-overlay\"><\/div><div class=\"qubely-container\"><div class=\"qubely-row \">\n<div class=\"wp-block-qubely-column qubely-column qubely-column-front qubely-block-fdd614\"><div class=\"qubely-column-inner\">\n<div class=\"wp-block-qubely-text qubely-block-081dfe\"><div class=\"qubely-block-text  \"><div class=\"qubely-block-text-title-container  qubely-separator-position-top\"><div class=\"qubely-block-text-title-inner\"><h2 class=\"qubely-block-text-title\">02<\/h2><\/div><\/div><p><strong>Administraci\u00f3n y Emprendimiento<\/strong><\/p><\/div><\/div>\n\n\n\n<div class=\"wp-block-qubely-text qubely-block-20503b\"><div class=\"qubely-block-text  \"><div class=\"qubely-block-text-title-container  qubely-separator-position-top\"><div class=\"qubely-block-text-title-inner\"><h2 class=\"qubely-block-text-title\"><\/h2><\/div><\/div><p><strong>Sub l\u00edneas:<\/strong> Gesti\u00f3n de informaci\u00f3n, gesti\u00f3n financiera, gesti\u00f3n de calidad, TICS para la gesti\u00f3n, ciencias jur\u00eddicas b\u00e1sicas, innovaci\u00f3n y oportunidades empresariales, administraci\u00f3n en salud.<\/p><\/div><\/div>\n\n\n\n<div class=\"wp-block-qubely-text qubely-block-a7cd70\"><div class=\"qubely-block-text  \"><p><strong>L\u00edder<\/strong><\/p><\/div><\/div>\n\n\n\n<div class=\"wp-block-qubely-team qubely-block-4d4605\"><div class=\"qubely-block-team  qubely-team-layout-1\"><div class=\"qubely-team-image-wrapper\"><div class=\"qubely-image-placeholder\"><i class=\"far fa-image\"><\/i><\/div><\/div><div class=\"qubely-team-content\"><div class=\"qubely-team-content-inner\"><span class=\"qubely-team-name\"><strong>Nombre<\/strong><\/span><\/div><\/div><\/div><\/div>\n\n\n\n<div class=\"wp-block-qubely-button qubely-block-21129c\"><div class=\"qubely-block-btn-wrapper \"><div class=\"qubely-block-btn\"><a class=\"qubely-block-btn-anchor is-large\" href=\"#\"><strong>CVLAC<\/strong><\/a><\/div><\/div><\/div>\n<\/div><\/div>\n\n\n\n<div class=\"wp-block-qubely-column qubely-column qubely-column-front qubely-block-bbf625\"><div class=\"qubely-column-inner\">\n<div class=\"wp-block-qubely-image qubely-block-0b921a\"><div class=\"qubely-block-image  qubely-image-layout-simple\"><div class=\"qubely-image-media qubely-vertical-alignment-center qubely-horizontal-alignment-center\"><figure><div class=\"qubely-image-container\"><img decoding=\"async\" class=\"qubely-image-image\" src=\"https:\/\/www.unicatolicadelsur.edu.co\/catsur\/wp-content\/uploads\/2023\/05\/emprendimiento.jpg\" alt=\"\"\/><\/div><\/figure><\/div><\/div><\/div>\n<\/div><\/div>\n<\/div><\/div><\/div>\n\n\n\n<div class=\"wp-block-qubely-row alignfull qubely-section qubely-block-f280a5\"><div class=\"qubely-row-overlay\"><\/div><div class=\"qubely-container\"><div class=\"qubely-row \">\n<div class=\"wp-block-qubely-column qubely-column qubely-column-front qubely-block-2d41bf\"><div class=\"qubely-column-inner\">\n<div class=\"wp-block-qubely-text qubely-block-52d426\"><div class=\"qubely-block-text  \"><div class=\"qubely-block-text-title-container  qubely-separator-position-top\"><div class=\"qubely-block-text-title-inner\"><h2 class=\"qubely-block-text-title\">03<\/h2><\/div><\/div><p><strong>Humanidades, Educaci\u00f3n y Pedagog\u00eda<\/strong><\/p><\/div><\/div>\n\n\n\n<div class=\"wp-block-qubely-text qubely-block-e4122f\"><div class=\"qubely-block-text  \"><div class=\"qubely-block-text-title-container  qubely-separator-position-top\"><div class=\"qubely-block-text-title-inner\"><h2 class=\"qubely-block-text-title\"><\/h2><\/div><\/div><p><strong>Sub l\u00edneas:<\/strong> Estrategias pedag\u00f3gicas, Formaci\u00f3n continua, Innovaci\u00f3n educativa \u2013 curricular, Creaci\u00f3n Art\u00edstica y reflexi\u00f3n cr\u00edtica.<\/p><\/div><\/div>\n\n\n\n<div class=\"wp-block-qubely-text qubely-block-65c7ff\"><div class=\"qubely-block-text  \"><p><strong>L\u00edder<\/strong><\/p><\/div><\/div>\n\n\n\n<div class=\"wp-block-qubely-team qubely-block-45a5f1\"><div class=\"qubely-block-team  qubely-team-layout-1\"><div class=\"qubely-team-image-wrapper\"><div class=\"qubely-image-placeholder\"><i class=\"far fa-image\"><\/i><\/div><\/div><div class=\"qubely-team-content\"><div class=\"qubely-team-content-inner\"><span class=\"qubely-team-name\"><strong>Nombre<\/strong><\/span><\/div><\/div><\/div><\/div>\n\n\n\n<div class=\"wp-block-qubely-button qubely-block-9bf3a8\"><div class=\"qubely-block-btn-wrapper \"><div class=\"qubely-block-btn\"><a class=\"qubely-block-btn-anchor is-large\" href=\"#\"><strong>CVLAC<\/strong><\/a><\/div><\/div><\/div>\n<\/div><\/div>\n\n\n\n<div class=\"wp-block-qubely-column qubely-column qubely-column-front qubely-block-8a81da\"><div class=\"qubely-column-inner\">\n<div class=\"wp-block-qubely-image qubely-block-037fef\"><div class=\"qubely-block-image  qubely-image-layout-simple\"><div class=\"qubely-image-media qubely-vertical-alignment-center qubely-horizontal-alignment-center\"><figure><div class=\"qubely-image-container\"><img decoding=\"async\" class=\"qubely-image-image\" src=\"https:\/\/www.unicatolicadelsur.edu.co\/catsur\/wp-content\/uploads\/2023\/05\/WhatsApp-Image-2023-05-30-at-4.50.55-PM.jpeg\" alt=\"\"\/><\/div><\/figure><\/div><\/div><\/div>\n<\/div><\/div>\n<\/div><\/div><\/div>\n","protected":false},"excerpt":{"rendered":"","protected":false},"author":1,"featured_media":0,"parent":0,"menu_order":0,"comment_status":"closed","ping_status":"closed","template":"","meta":{"qubely_global_settings":"","qubely_interactions":"","_uag_custom_page_level_css":"","_vp_format_video_url":"","_vp_image_focal_point":[],"footnotes":""},"class_list":["post-13658","page","type-page","status-publish","hentry"],"uagb_featured_image_src":{"full":false,"thumbnail":false,"medium":false,"medium_large":false,"large":false,"1536x1536":false,"2048x2048":false,"qubely_landscape":false,"qubely_portrait":false,"qubely_thumbnail":false,"vp_sm":false,"vp_md":false,"vp_lg":false,"vp_xl":false,"vp_sm_popup":false,"vp_md_popup":false,"vp_xl_popup":false,"enlighten-slider-image":false,"enlighten-portfolio-image":false,"enlighten-service-image":false,"enlighten-service-image-2":false,"enlighten-testimonial-image":false,"enlighten-client-section":false,"enlighten-recent-news":false,"enlighten-recent-news-disable-twitter":false,"enlighten-footer-recent-news":false,"enlighten-single-page":false,"enlighten-coourse-image":false,"enlighten-event-image":false,"enlighten-blog-image":false,"enlighten-team-home":false,"enlighten-portfolio-grid":false,"enlighten-blog-list-post":false,"enlighten-event-schedule":false},"uagb_author_info":{"display_name":"unicat","author_link":"https:\/\/www.unicatolicadelsur.edu.co\/catsur\/author\/unicat\/"},"uagb_comment_info":0,"uagb_excerpt":null,"_links":{"self":[{"href":"https:\/\/www.unicatolicadelsur.edu.co\/catsur\/wp-json\/wp\/v2\/pages\/13658","targetHints":{"allow":["GET"]}}],"collection":[{"href":"https:\/\/www.unicatolicadelsur.edu.co\/catsur\/wp-json\/wp\/v2\/pages"}],"about":[{"href":"https:\/\/www.unicatolicadelsur.edu.co\/catsur\/wp-json\/wp\/v2\/types\/page"}],"author":[{"embeddable":true,"href":"https:\/\/www.unicatolicadelsur.edu.co\/catsur\/wp-json\/wp\/v2\/users\/1"}],"replies":[{"embeddable":true,"href":"https:\/\/www.unicatolicadelsur.edu.co\/catsur\/wp-json\/wp\/v2\/comments?post=13658"}],"version-history":[{"count":0,"href":"https:\/\/www.unicatolicadelsur.edu.co\/catsur\/wp-json\/wp\/v2\/pages\/13658\/revisions"}],"wp:attachment":[{"href":"https:\/\/www.unicatolicadelsur.edu.co\/catsur\/wp-json\/wp\/v2\/media?parent=13658"}],"curies":[{"name":"wp","href":"https:\/\/api.w.org\/{rel}","templated":true}]}}