{"id":12092,"date":"2023-03-16T12:37:02","date_gmt":"2023-03-16T17:37:02","guid":{"rendered":"https:\/\/www.unicatolicadelsur.edu.co\/catsur\/?page_id=12092"},"modified":"2023-03-30T12:20:31","modified_gmt":"2023-03-30T17:20:31","slug":"inscripciones-enfermeria","status":"publish","type":"page","link":"https:\/\/www.unicatolicadelsur.edu.co\/catsur\/inscripciones-enfermeria\/","title":{"rendered":"Inscripciones Enfermer\u00eda"},"content":{"rendered":"\n<div class=\"wp-block-qubely-row qubely-section qubely-block-eea5b2\"><div class=\"qubely-row-overlay\"><\/div><div class=\"qubely-container\"><div class=\"qubely-row \">\n<div class=\"wp-block-qubely-column qubely-column qubely-column-front qubely-block-51eaae\"><div class=\"qubely-column-inner\">\n<div class=\"wp-block-qubely-image alignfull qubely-block-411d26\"><div class=\"qubely-block-image  qubely-image-layout-simple\"><div class=\"qubely-image-media qubely-vertical-alignment-center qubely-horizontal-alignment-center\"><figure><div class=\"qubely-image-container\"><img decoding=\"async\" class=\"qubely-image-image\" src=\"https:\/\/www.unicatolicadelsur.edu.co\/catsur\/wp-content\/uploads\/2023\/03\/banner-incripciones-1.png\" alt=\"\"\/><\/div><\/figure><\/div><\/div><\/div>\n<\/div><\/div>\n<\/div><\/div><\/div>\n\n\n\n<div class=\"wp-block-qubely-row aligncenter qubely-section qubely-block-3b3969\"><div class=\"qubely-row-overlay\"><\/div><div class=\"qubely-container-fluid\"><div class=\"qubely-row \">\n<div class=\"wp-block-qubely-column qubely-column qubely-column-front qubely-block-3ad156\"><div class=\"qubely-column-inner\">\n<div class=\"wp-block-qubely-wrapper qubely-block-78f403\"><div class=\"qubely-block-wrapper-block \">\n<div class=\"wp-block-qubely-text qubely-block-d901a4\"><div class=\"qubely-block-text  \"><div class=\"qubely-block-text-title-container  qubely-separator-position-top\"><div class=\"qubely-block-text-title-inner\"><h3 class=\"qubely-block-text-title\">Proceso de<br>Inscripci\u00f3n<\/h3><\/div><\/div><p>Para conocer detalladamente los pasos de inscripci\u00f3n  da clic en el siguiente video.<\/p><\/div><\/div>\n\n\n\n<div class=\"wp-block-qubely-image qubely-block-e3675f\"><div class=\"qubely-block-image  qubely-image-layout-simple\"><div class=\"qubely-image-media qubely-vertical-alignment-center qubely-horizontal-alignment-center\"><figure><div class=\"qubely-image-container\"><a href=\"https:\/\/inscripciones.unicatolicadelsur.edu.co\" target=\"_blank\" rel=\"noopener noreferrer\"><img decoding=\"async\" class=\"qubely-image-image\" src=\"https:\/\/www.unicatolicadelsur.edu.co\/catsur\/wp-content\/uploads\/2023\/03\/pasoa-a-paso-inscripciones-06.png\" alt=\"\"\/><\/a><\/div><\/figure><\/div><\/div><\/div>\n\n\n\n<div class=\"wp-block-qubely-row qubely-section qubely-block-9b669d\"><div class=\"qubely-row-overlay\"><\/div><div class=\"qubely-container\"><div class=\"qubely-row \">\n<div class=\"wp-block-qubely-column qubely-column qubely-column-front qubely-block-5cc69b\"><div class=\"qubely-column-inner\"><\/div><\/div>\n<\/div><\/div><\/div>\n<\/div><\/div>\n<\/div><\/div>\n\n\n\n<div class=\"wp-block-qubely-column qubely-column qubely-column-front qubely-block-cfe497\"><div class=\"qubely-column-inner\">\n<div class=\"wp-block-qubely-videopopup qubely-block-7d7052\"><div class=\"qubely-block-videopopup-wrapper  qubely-alignment-center\"><div class=\"qubely-block-videopopup-overlay\"><\/div><div class=\"qubely-block-videopopup qubely-size-small\"><a class=\"qubely-video-popup\" href=\"https:\/\/www.youtube.com\/watch?v=upOkQpL62G8\"><i class=\"qubely-btn-icon fas fa-play\"><\/i><\/a><\/div><\/div><\/div>\n<\/div><\/div>\n<\/div><\/div><\/div>\n\n\n\n<div class=\"wp-block-qubely-row qubely-section qubely-block-3f9a5c\"><div class=\"qubely-row-overlay\"><\/div><div class=\"qubely-container\"><div class=\"qubely-row \">\n<div class=\"wp-block-qubely-column qubely-column qubely-column-front qubely-block-5e3935\"><div class=\"qubely-column-inner\">\n<div class=\"wp-block-qubely-image qubely-block-4594e6\"><div class=\"qubely-block-image  qubely-image-layout-simple\"><div class=\"qubely-image-media qubely-vertical-alignment-center qubely-horizontal-alignment-center\"><figure><div class=\"qubely-image-container\"><img decoding=\"async\" class=\"qubely-image-image\" src=\"https:\/\/www.unicatolicadelsur.edu.co\/catsur\/wp-content\/uploads\/2023\/03\/pasoa-a-paso-inscripciones_ENF.png\" alt=\"\"\/><\/div><\/figure><\/div><\/div><\/div>\n<\/div><\/div>\n<\/div><\/div><\/div>\n\n\n\n<div class=\"wp-block-qubely-row qubely-section qubely-block-4827e4\"><div class=\"qubely-row-overlay\"><\/div><div class=\"qubely-container\"><div class=\"qubely-row \">\n<div class=\"wp-block-qubely-column qubely-column qubely-column-front qubely-block-9d9c23\"><div class=\"qubely-column-inner\">\n<div class=\"wp-block-qubely-row qubely-section qubely-block-a06792\"><div class=\"qubely-row-overlay\"><\/div><div class=\"qubely-container\"><div class=\"qubely-row \">\n<div class=\"wp-block-qubely-column qubely-column qubely-column-front qubely-block-8c512a\"><div class=\"qubely-column-inner\">\n<div class=\"wp-block-qubely-text qubely-block-9d5c6e\"><div class=\"qubely-block-text  \"><div class=\"qubely-block-text-title-container  qubely-separator-position-top\"><div class=\"qubely-block-text-title-inner\"><h2 class=\"qubely-block-text-title\"><span data-fontsize=\"50\" style=\"font-size: 50px;\" class=\"qubely-custom-font\"><strong><span style=\"background-color: #ffffff00;\" data=\"#ffffff00\" class=\"qubely-text-has-bgcolor\">Documentos de inter\u00e9s<\/span><\/strong><\/span><\/h2><\/div><\/div><p><strong>La gu\u00eda completa de admisiones y becas e incentivos de la Unicat\u00f3lica del Sur<\/strong><\/p><\/div><\/div>\n<\/div><\/div>\n<\/div><\/div><\/div>\n\n\n\n<div class=\"wp-block-qubely-row qubely-section qubely-block-9a609a\"><div class=\"qubely-row-overlay\"><\/div><div class=\"qubely-container\"><div class=\"qubely-row \">\n<div class=\"wp-block-qubely-column qubely-column qubely-column-front qubely-block-6fb470\"><div class=\"qubely-column-inner\"><\/div><\/div>\n<\/div><\/div><\/div>\n\n\n\n<div class=\"wp-block-qubely-row qubely-section qubely-block-b970c9\"><div class=\"qubely-row-overlay\"><\/div><div class=\"qubely-container\"><div class=\"qubely-row \">\n<div class=\"wp-block-qubely-column qubely-column qubely-column-front qubely-block-5ed5c2\"><div class=\"qubely-column-inner\"><\/div><\/div>\n<\/div><\/div><\/div>\n\n\n\n<div class=\"wp-block-qubely-row qubely-section qubely-block-7fa137\"><div class=\"qubely-row-overlay\"><\/div><div class=\"qubely-container\"><div class=\"qubely-row \">\n<div class=\"wp-block-qubely-column qubely-column qubely-column-front qubely-block-275af6\"><div class=\"qubely-column-inner\"><\/div><\/div>\n<\/div><\/div><\/div>\n\n\n\n<div class=\"wp-block-qubely-row qubely-section qubely-block-8e736f\"><div class=\"qubely-row-overlay\"><\/div><div class=\"qubely-container\"><div class=\"qubely-row \">\n<div class=\"wp-block-qubely-column qubely-column qubely-column-front qubely-block-f7aa4a\"><div class=\"qubely-column-inner\"><\/div><\/div>\n<\/div><\/div><\/div>\n<\/div><\/div>\n\n\n\n<div class=\"wp-block-qubely-column qubely-column qubely-column-front qubely-block-9d1559\"><div class=\"qubely-column-inner\">\n<div class=\"wp-block-qubely-row qubely-section qubely-block-5d7da3\"><div class=\"qubely-row-overlay\"><\/div><div class=\"qubely-container\"><div class=\"qubely-row \">\n<div class=\"wp-block-qubely-column qubely-column qubely-column-front qubely-block-5ac7ff\"><div class=\"qubely-column-inner\"><\/div><\/div>\n<\/div><\/div><\/div>\n\n\n\n<div class=\"wp-block-qubely-row qubely-section qubely-block-31b36f\"><div class=\"qubely-row-overlay\"><\/div><div class=\"qubely-container\"><div class=\"qubely-row \">\n<div class=\"wp-block-qubely-column qubely-column qubely-column-front qubely-block-5b8998\"><div class=\"qubely-column-inner\">\n<div class=\"wp-block-qubely-button qubely-block-ff80af\"><div class=\"qubely-block-btn-wrapper \"><div class=\"qubely-block-btn\"><a class=\"qubely-block-btn-anchor is-small\" href=\"https:\/\/www.unicatolicadelsur.edu.co\/catsur\/wp-content\/uploads\/AcuerdosConsejoSuperior\/2022\/ACUERDO-SUPERIOR-007-9-MAY-2022-MODIFICA-REGLAMENTO-DE-BECAS-INCENTIVOS-Y-DESCUENTOS-EDUCATIVOS-1.pdf\"><i class=\"qubely-btn-icon far fa-hand-point-right\"><\/i>Ver Becas e Incentivos<\/a><\/div><\/div><\/div>\n<\/div><\/div>\n<\/div><\/div><\/div>\n\n\n\n<div class=\"wp-block-qubely-row qubely-section qubely-block-6c354d\"><div class=\"qubely-row-overlay\"><\/div><div class=\"qubely-container\"><div class=\"qubely-row \">\n<div class=\"wp-block-qubely-column qubely-column qubely-column-front qubely-block-6571c0\"><div class=\"qubely-column-inner\">\n<div class=\"wp-block-qubely-button qubely-block-24e8e5\"><div class=\"qubely-block-btn-wrapper \"><div class=\"qubely-block-btn\"><a class=\"qubely-block-btn-anchor is-small\" href=\"https:\/\/www.unicatolicadelsur.edu.co\/catsur\/wp-content\/uploads\/Documentos\/Guia-de-Admisiones-unicatolicadelsur.pdf\"><i class=\"qubely-btn-icon far fa-hand-point-right\"><\/i>Ver Gu\u00eda de Admisiones<\/a><\/div><\/div><\/div>\n<\/div><\/div>\n<\/div><\/div><\/div>\n\n\n\n<div class=\"wp-block-qubely-row qubely-section qubely-block-2a70ff\"><div class=\"qubely-row-overlay\"><\/div><div class=\"qubely-container\"><div class=\"qubely-row \">\n<div class=\"wp-block-qubely-column qubely-column qubely-column-front qubely-block-359f50\"><div class=\"qubely-column-inner\">\n<div class=\"wp-block-qubely-button qubely-block-5bf6b2\"><div class=\"qubely-block-btn-wrapper \"><div class=\"qubely-block-btn\"><a class=\"qubely-block-btn-anchor is-small\" href=\"https:\/\/www.unicatolicadelsur.edu.co\/catsur\/wp-content\/uploads\/Documentos\/P-GDC007-Procedimiento-de-inscripcion-admision-y-matricula-1.pdf\"><i class=\"qubely-btn-icon far fa-hand-point-right\"><\/i>Procedimiento de inscripci\u00f3n, admisi\u00f3n y matr\u00edcula<\/a><\/div><\/div><\/div>\n<\/div><\/div>\n<\/div><\/div><\/div>\n\n\n\n<div class=\"wp-block-qubely-row qubely-section qubely-block-644f49\"><div class=\"qubely-row-overlay\"><\/div><div class=\"qubely-container\"><div class=\"qubely-row \">\n<div class=\"wp-block-qubely-column qubely-column qubely-column-front qubely-block-22e61a\"><div class=\"qubely-column-inner\">\n<div class=\"wp-block-qubely-button qubely-block-ef8b15\"><div class=\"qubely-block-btn-wrapper \"><div class=\"qubely-block-btn\"><a class=\"qubely-block-btn-anchor is-small\" href=\"https:\/\/www.unicatolicadelsur.edu.co\/catsur\/wp-content\/uploads\/AcuerdosConsejoAcademico\/2022\/ACUERDO-ACADEMICO-011-6-JUN-2022-ESTABLECE-PORCENTAJES-DE-SELECCION-ENF-Y-VALORACION-PUEBA-SABER-11-1.pdf\"><i class=\"qubely-btn-icon far fa-hand-point-right\"><\/i>Porcentajes de selecci\u00f3n para el programa de Enfermer\u00eda<\/a><\/div><\/div><\/div>\n<\/div><\/div>\n<\/div><\/div><\/div>\n\n\n\n<div class=\"wp-block-qubely-row qubely-section qubely-block-6d13de\"><div class=\"qubely-row-overlay\"><\/div><div class=\"qubely-container\"><div class=\"qubely-row \">\n<div class=\"wp-block-qubely-column qubely-column qubely-column-front qubely-block-914f4c\"><div class=\"qubely-column-inner\"><\/div><\/div>\n<\/div><\/div><\/div>\n<\/div><\/div>\n<\/div><\/div><\/div>\n","protected":false},"excerpt":{"rendered":"","protected":false},"author":1,"featured_media":0,"parent":0,"menu_order":0,"comment_status":"closed","ping_status":"closed","template":"","meta":{"qubely_global_settings":"","qubely_interactions":"","_uag_custom_page_level_css":"","_vp_format_video_url":"","_vp_image_focal_point":[],"footnotes":""},"class_list":["post-12092","page","type-page","status-publish","hentry"],"uagb_featured_image_src":{"full":false,"thumbnail":false,"medium":false,"medium_large":false,"large":false,"1536x1536":false,"2048x2048":false,"qubely_landscape":false,"qubely_portrait":false,"qubely_thumbnail":false,"vp_sm":false,"vp_md":false,"vp_lg":false,"vp_xl":false,"vp_sm_popup":false,"vp_md_popup":false,"vp_xl_popup":false,"enlighten-slider-image":false,"enlighten-portfolio-image":false,"enlighten-service-image":false,"enlighten-service-image-2":false,"enlighten-testimonial-image":false,"enlighten-client-section":false,"enlighten-recent-news":false,"enlighten-recent-news-disable-twitter":false,"enlighten-footer-recent-news":false,"enlighten-single-page":false,"enlighten-coourse-image":false,"enlighten-event-image":false,"enlighten-blog-image":false,"enlighten-team-home":false,"enlighten-portfolio-grid":false,"enlighten-blog-list-post":false,"enlighten-event-schedule":false},"uagb_author_info":{"display_name":"unicat","author_link":"https:\/\/www.unicatolicadelsur.edu.co\/catsur\/author\/unicat\/"},"uagb_comment_info":0,"uagb_excerpt":null,"_links":{"self":[{"href":"https:\/\/www.unicatolicadelsur.edu.co\/catsur\/wp-json\/wp\/v2\/pages\/12092","targetHints":{"allow":["GET"]}}],"collection":[{"href":"https:\/\/www.unicatolicadelsur.edu.co\/catsur\/wp-json\/wp\/v2\/pages"}],"about":[{"href":"https:\/\/www.unicatolicadelsur.edu.co\/catsur\/wp-json\/wp\/v2\/types\/page"}],"author":[{"embeddable":true,"href":"https:\/\/www.unicatolicadelsur.edu.co\/catsur\/wp-json\/wp\/v2\/users\/1"}],"replies":[{"embeddable":true,"href":"https:\/\/www.unicatolicadelsur.edu.co\/catsur\/wp-json\/wp\/v2\/comments?post=12092"}],"version-history":[{"count":0,"href":"https:\/\/www.unicatolicadelsur.edu.co\/catsur\/wp-json\/wp\/v2\/pages\/12092\/revisions"}],"wp:attachment":[{"href":"https:\/\/www.unicatolicadelsur.edu.co\/catsur\/wp-json\/wp\/v2\/media?parent=12092"}],"curies":[{"name":"wp","href":"https:\/\/api.w.org\/{rel}","templated":true}]}}